{"id":1584,"date":"2023-03-03T08:10:14","date_gmt":"2023-03-03T08:10:14","guid":{"rendered":"https:\/\/sbh.ee\/?page_id=1584"},"modified":"2023-03-27T09:02:28","modified_gmt":"2023-03-27T09:02:28","slug":"privaatsuspoliitika","status":"publish","type":"page","link":"https:\/\/sbh.ee\/en\/privaatsuspoliitika\/","title":{"rendered":"Privacy policy"},"content":{"rendered":"<div data-elementor-type=\"wp-page\" data-elementor-id=\"1584\" class=\"elementor elementor-1584\" data-elementor-post-type=\"page\">\n\t\t\t\t\t\t<section class=\"elementor-section elementor-top-section elementor-element elementor-element-4e630e68 elementor-section-boxed elementor-section-height-default elementor-section-height-default\" data-id=\"4e630e68\" data-element_type=\"section\" data-e-type=\"section\">\n\t\t\t\t\t\t<div class=\"elementor-container elementor-column-gap-default\">\n\t\t\t\t\t<div class=\"elementor-column elementor-col-100 elementor-top-column elementor-element elementor-element-6d35541f\" data-id=\"6d35541f\" data-element_type=\"column\" data-e-type=\"column\">\n\t\t\t<div class=\"elementor-widget-wrap elementor-element-populated\">\n\t\t\t\t\t\t<div class=\"elementor-element elementor-element-1e81be01 elementor-widget elementor-widget-text-editor\" data-id=\"1e81be01\" data-element_type=\"widget\" data-e-type=\"widget\" data-widget_type=\"text-editor.default\">\n\t\t\t\t<div class=\"elementor-widget-container\">\n\t\t\t\t\t\t\t\t\t<h2>Privacy policy<\/h2>\n<div><br><\/div>\n<h2>1. \u00dclds\u00e4tted<\/h2>\n<p><br>1.1. K\u00e4esolev privaatsuspoliitika reguleerib isikuandmete kogumist, t\u00f6\u00f6tlemist ja s\u00e4ilitamist k\u00e4sitlevaid p\u00f5him\u00f5tteid. Isikuandmeid kogub t\u00f6\u00f6tleb ja s\u00e4ilitab isikuandmete vastutav t\u00f6\u00f6tleja <strong>SBH SOLUTIONS O\u00dc&nbsp;<\/strong> (edaspidi andmet\u00f6\u00f6tleja).<br><span style=\"font-style: inherit; font-weight: inherit; background-color: var(--ast-global-color-4); color: var(--ast-global-color-3);\">1.2. Andmesubjekt privaatsuspoliitika t\u00e4henduses on klient v\u00f5i muu f\u00fc\u00fcsiline isik, kelle isikuandmeid andmet\u00f6\u00f6tleja t\u00f6\u00f6tleb.<br><\/span><span style=\"font-style: inherit; font-weight: inherit; background-color: var(--ast-global-color-4); color: var(--ast-global-color-3);\">1.3. Klient privaatsuspoliitika t\u00e4henduses on iga\u00fcks, kes ostab andmet\u00f6\u00f6tleja kodulehelt kaupu v\u00f5i teenuseid.<br><\/span><span style=\"font-style: inherit; font-weight: inherit; background-color: var(--ast-global-color-4); color: var(--ast-global-color-3);\">1.4. Andmet\u00f6\u00f6tleja j\u00e4rgib \u00f5igusaktides s\u00e4testatud andmete t\u00f6\u00f6tlemise p\u00f5him\u00f5tteid, muuhulgas t\u00f6\u00f6tleb andmet\u00f6\u00f6tleja isikuandmeid seaduslikult, \u00f5iglaselt ja turvaliselt. Andmet\u00f6\u00f6tleja on v\u00f5imeline kinnitama, et isikuandmeid on t\u00f6\u00f6deldud vastavalt \u00f5igusaktides s\u00e4testatule.<\/span><\/p>\n<h2>2. Isikuandmete kogumine, t\u00f6\u00f6tlemine ja s\u00e4ilitamine<\/h2>\n<p><span style=\"font-style: inherit; font-weight: inherit; background-color: var(--ast-global-color-4); color: var(--ast-global-color-3);\"><br>2.1. Isikuandmed, mida andmet\u00f6\u00f6tleja kogub, t\u00f6\u00f6tleb ja s\u00e4ilitab, on kogutud elektrooniliselt, peamiselt kodulehe ja e-posti vahendusel.<br><\/span><span style=\"font-style: inherit; font-weight: inherit; background-color: var(--ast-global-color-4); color: var(--ast-global-color-3);\">2.2. Oma isikuandmete jagamisega annab andmesubjekt andmet\u00f6\u00f6tlejale \u00f5iguse koguda, korraldada, kasutada ja hallata privaatsuspoliitikas m\u00e4\u00e4ratletud eesm\u00e4rgil isikuandmeid, mida andmesubjekt otse v\u00f5i kaudselt kodulehel kaupu v\u00f5i teenuseid ostes andmet\u00f6\u00f6tlejale jagab.<br><\/span><span style=\"font-style: inherit; font-weight: inherit; background-color: var(--ast-global-color-4); color: var(--ast-global-color-3);\">2.3. Andmesubjekt vastutab selle eest, et tema poolt esitatud andmed oleksid t\u00e4psed, \u00f5iged ja terviklikud. Teadlikult valeandmete esitamist peetakse privaatsuspoliitika rikkumiseks. Andmesubjekt on kohustatud andmet\u00f6\u00f6tlejat viivitamatult teavitama esitatud andmete muutumisest.<br><\/span><span style=\"font-style: inherit; font-weight: inherit; background-color: var(--ast-global-color-4); color: var(--ast-global-color-3);\">2.4. Andmet\u00f6\u00f6tleja ei vastuta andmesubjekti poolt valeandmete esitamisest p\u00f5hjustatud kahju eest andmesubjektile v\u00f5i kolmandatele osapooltele.<\/span><\/p>\n<h2>3. Klientide isikuandmete t\u00f6\u00f6tlemine<\/h2>\n<div><br><\/div>\n<p>3.1. Andmet\u00f6\u00f6tleja v\u00f5ib t\u00f6\u00f6delda j\u00e4rgnevaid andmesubjekti isikuandmeid:<br><span style=\"font-style: inherit; font-weight: inherit; background-color: var(--ast-global-color-4); color: var(--ast-global-color-3);\">3.1.1. Ees- ja perekonnanimi;<br><\/span><span style=\"background-color: var(--ast-global-color-4); color: var(--ast-global-color-3); font-style: inherit; font-weight: inherit;\">3.1.2. S\u00fcnnikuup\u00e4ev;<br><\/span><span style=\"background-color: var(--ast-global-color-4); color: var(--ast-global-color-3); font-style: inherit; font-weight: inherit;\">3.1.3. Telefoninumber;<br><\/span><span style=\"background-color: var(--ast-global-color-4); color: var(--ast-global-color-3); font-style: inherit; font-weight: inherit;\">3.1.4. E-posti aadress;<br><\/span><span style=\"background-color: var(--ast-global-color-4); color: var(--ast-global-color-3); font-style: inherit; font-weight: inherit;\">3.1.5. Kohaletoimetamise aadress;<br><\/span><span style=\"background-color: var(--ast-global-color-4); color: var(--ast-global-color-3); font-style: inherit; font-weight: inherit;\">3.1.6. Arvelduskonto number;<br><\/span><span style=\"background-color: var(--ast-global-color-4); color: var(--ast-global-color-3); font-style: inherit; font-weight: inherit;\">3.2. Lisaks eeltoodule on andmet\u00f6\u00f6tlejal \u00f5igus koguda kliendi kohta andmeid, mis on k\u00e4ttesaadavad avalikes registrites.<br><\/span><span style=\"background-color: var(--ast-global-color-4); color: var(--ast-global-color-3); font-style: inherit; font-weight: inherit;\">3.3. Isikuandmete t\u00f6\u00f6tlemise \u00f5iguslik alus on isikuandmete kaitse \u00fcldm\u00e4\u00e4ruse paragrahv 6 lg 1 p-d a), b), c) ja f):<br><\/span><span style=\"background-color: var(--ast-global-color-4); color: var(--ast-global-color-3); font-style: inherit; font-weight: inherit;\">a) andmesubjekt on andnud n\u00f5usoleku t\u00f6\u00f6delda oma isikuandmeid \u00fchel v\u00f5i mitmel konkreetsel eesm\u00e4rgil;<br><\/span><span style=\"background-color: var(--ast-global-color-4); color: var(--ast-global-color-3); font-style: inherit; font-weight: inherit;\">b) isikuandmete t\u00f6\u00f6tlemine on vajalik andmesubjekti osalusel s\u00f5lmitud lepingu t\u00e4itmiseks v\u00f5i lepingu s\u00f5lmimisele eelnevate meetmete v\u00f5tmiseks vastavalt andmesubjekti taotlusele;<br><\/span><span style=\"background-color: var(--ast-global-color-4); color: var(--ast-global-color-3); font-style: inherit; font-weight: inherit;\">c) isikuandmete t\u00f6\u00f6tlemine on vajalik vastutava t\u00f6\u00f6tleja juriidilise kohustuse t\u00e4itmiseks;<br><\/span><span style=\"background-color: var(--ast-global-color-4); color: var(--ast-global-color-3); font-style: inherit; font-weight: inherit;\">f) isikuandmete t\u00f6\u00f6tlemine on vajalik vastutava t\u00f6\u00f6tleja v\u00f5i kolmanda isiku \u00f5igustatud huvi korral, v\u00e4lja arvatud juhul, kui sellise huvi kaaluvad \u00fcles andmesubjekti huvid v\u00f5i p\u00f5hi\u00f5igused ja -vabadused, mille nimel tuleb kaitsta isikuandmeid, eriti juhul kui andmesubjekt on laps.<br><\/span><span style=\"background-color: var(--ast-global-color-4); color: var(--ast-global-color-3); font-style: inherit; font-weight: inherit;\">3.4. Isikuandmete t\u00f6\u00f6tlemine vastavalt t\u00f6\u00f6tlemise eesm\u00e4rgile:<br><\/span><span style=\"background-color: var(--ast-global-color-4); color: var(--ast-global-color-3); font-style: inherit; font-weight: inherit;\">3.4.1. T\u00f6\u00f6tlemise eesm\u00e4rk \u2013 julgeolek ja turvalisus<br><\/span><span style=\"background-color: var(--ast-global-color-4); color: var(--ast-global-color-3); font-style: inherit; font-weight: inherit;\">Isikuandmete s\u00e4ilitamise maksimaalne aeg \u2013 vastavalt seaduses nimetatud t\u00e4htaegadele<br><\/span><span style=\"background-color: var(--ast-global-color-4); color: var(--ast-global-color-3); font-style: inherit; font-weight: inherit;\">3.4.2. T\u00f6\u00f6tlemise eesm\u00e4rk \u2013 tellimuse t\u00f6\u00f6tlemine<br><\/span><span style=\"background-color: var(--ast-global-color-4); color: var(--ast-global-color-3); font-style: inherit; font-weight: inherit;\">Isikuandmete s\u00e4ilitamise maksimaalne aeg \u2013 2 aastat<br><\/span><span style=\"background-color: var(--ast-global-color-4); color: var(--ast-global-color-3); font-style: inherit; font-weight: inherit;\">3.4.3. T\u00f6\u00f6tlemise eesm\u00e4rk \u2013 e-poe teenuste toimimise tagamine<br><\/span><span style=\"background-color: var(--ast-global-color-4); color: var(--ast-global-color-3); font-style: inherit; font-weight: inherit;\">Isikuandmete s\u00e4ilitamise maksimaalne aeg \u2013 2 aastat<br><\/span><span style=\"background-color: var(--ast-global-color-4); color: var(--ast-global-color-3); font-style: inherit; font-weight: inherit;\">3.4.4. T\u00f6\u00f6tlemise eesm\u00e4rk \u2013 kliendihaldus<br><\/span><span style=\"background-color: var(--ast-global-color-4); color: var(--ast-global-color-3); font-style: inherit; font-weight: inherit;\">Isikuandmete s\u00e4ilitamise maksimaalne aeg \u2013 2 aastat<br><\/span><span style=\"background-color: var(--ast-global-color-4); color: var(--ast-global-color-3); font-style: inherit; font-weight: inherit;\">3.4.5. T\u00f6\u00f6tlemise eesm\u00e4rk \u2013 finantstegevus, raamatupidamine<br><\/span><span style=\"background-color: var(--ast-global-color-4); color: var(--ast-global-color-3); font-style: inherit; font-weight: inherit;\">Isikuandmete s\u00e4ilitamise maksimaalne aeg \u2013 vastavalt seaduses nimetatud t\u00e4htaegadele<br><\/span><span style=\"background-color: var(--ast-global-color-4); color: var(--ast-global-color-3); font-style: inherit; font-weight: inherit;\">3.4.6. T\u00f6\u00f6tlemise eesm\u00e4rk \u2013 turundus<br><\/span><span style=\"background-color: var(--ast-global-color-4); color: var(--ast-global-color-3); font-style: inherit; font-weight: inherit;\">Isikuandmete s\u00e4ilitamise maksimaalne aeg \u2013 2 aastat<\/span><\/p>\n<p><span style=\"font-style: inherit; font-weight: inherit; background-color: var(--ast-global-color-4); color: var(--ast-global-color-3);\">3.5. Andmet\u00f6\u00f6tlejal on \u00f5igus klientide isikuandmeid jagada kolmandate isikutega, kelleks on n\u00e4iteks volitatud andmet\u00f6\u00f6tlejad, raamatupidajad, transpordi- ja kullerettev\u00f5tted, \u00fclekandeteenuseid pakkuvad ettev\u00f5tted Andmet\u00f6\u00f6tleja on isikuandmete vastutav t\u00f6\u00f6tleja. Andmet\u00f6\u00f6tleja edastab maksete teostamiseks vajalikud isikuandmed volitatud t\u00f6\u00f6tleja Montonio Finance O\u00dc-ile.<br><\/span><span style=\"background-color: var(--ast-global-color-4); color: var(--ast-global-color-3); font-style: inherit; font-weight: inherit;\">3.6. Andmesubjekti isikuandmete t\u00f6\u00f6tlemisel ja s\u00e4ilitamisel rakendab andmet\u00f6\u00f6tleja organisatoorseid ja tehnilisi meetmeid, mis tagavad isikuandmete kaitse juhusliku v\u00f5i ebaseadusliku h\u00e4vitamise, muutmise, avalikustamise ja mis tahes muu ebaseadusliku t\u00f6\u00f6tlemise eest.<br><\/span><span style=\"background-color: var(--ast-global-color-4); color: var(--ast-global-color-3); font-style: inherit; font-weight: inherit;\">3.7. Andmet\u00f6\u00f6tleja s\u00e4ilitab andmesubjektide andmeid s\u00f5ltuvalt t\u00f6\u00f6tlemise eesm\u00e4rgist, kuid mitte kauem kui 7 aastat.<\/span><\/p>\n<h2>4. Andmesubjekti \u00f5igused<\/h2>\n<div><br><\/div>\n<p>4.1. Andmesubjektil on \u00f5igus saada ligip\u00e4\u00e4s oma isikuandmetele ning nendega tutvuda.<br><span style=\"font-style: inherit; font-weight: inherit; background-color: var(--ast-global-color-4); color: var(--ast-global-color-3);\">4.2. Andmesubjektil on \u00f5igus saada informatsiooni tema isikuandmete t\u00f6\u00f6tlemise kohta.<br><\/span><span style=\"font-style: inherit; font-weight: inherit; background-color: var(--ast-global-color-4); color: var(--ast-global-color-3);\">4.3. Andmesubjektil on \u00f5igus t\u00e4iendada v\u00f5i parandada ebat\u00e4pseid andmeid.<br><\/span><span style=\"font-style: inherit; font-weight: inherit; background-color: var(--ast-global-color-4); color: var(--ast-global-color-3);\">4.4. Kui andmet\u00f6\u00f6tleja t\u00f6\u00f6tleb andmesubjekti isikuandmeid andmesubjekti n\u00f5usoleku alusel, siis on andmesubjektil \u00f5igus igal ajal n\u00f5usolek tagasi v\u00f5tta.<br><\/span><span style=\"font-style: inherit; font-weight: inherit; background-color: var(--ast-global-color-4); color: var(--ast-global-color-3);\">4.5. Andmesubjekt saab \u00f5iguste teostamiseks p\u00f6\u00f6rduda e-poe klienditoe poole aadressil <\/span><strong style=\"font-style: inherit; background-color: var(--ast-global-color-4); color: var(--ast-global-color-3);\">info@sbh.ee<\/strong><span style=\"font-style: inherit; font-weight: inherit; background-color: var(--ast-global-color-4); color: var(--ast-global-color-3);\">.<br><\/span><span style=\"font-style: inherit; font-weight: inherit; background-color: var(--ast-global-color-4); color: var(--ast-global-color-3);\">4.6. Andmesubjektil on oma \u00f5iguste kaitseks v\u00f5imalik esitada kaebus Andmekaitse Inspektsioonile.<\/span><\/p>\n<h2>5. L\u00f5pps\u00e4tted<\/h2>\n<div><br><\/div>\n<p>5.1. K\u00e4esolevad andmekaitsetingimused on koostatud koosk\u00f5las Euroopa Parlamendi ja n\u00f5ukogu m\u00e4\u00e4rusega (EL) nr 2016\/679 f\u00fc\u00fcsiliste isikute kaitse kohta isikuandmete t\u00f6\u00f6tlemisel ja selliste andmete vaba liikumise ning direktiivi 95\/46 \/ E\u00dc kehtetuks tunnistamise kohta \/ E\u00dc (isikuandmete kaitse \u00fcldm\u00e4\u00e4rus), Eesti Vabariigi isikuandmete kaitse seadusega ning Eesti Vabariigi ja Euroopa Liidu \u00f5igusaktidega.<\/p>\n<p>5.2. Andmet\u00f6\u00f6tlejal on \u00f5igus andmekaitsetingimusi osaliselt v\u00f5i t\u00e4ielikult muuta, teavitades andmesubjekte muudatustest kodulehe<strong> https:\/\/sbh.ee<\/strong> kaudu.<\/p>\t\t\t\t\t\t\t\t<\/div>\n\t\t\t\t<\/div>\n\t\t\t\t\t<\/div>\n\t\t<\/div>\n\t\t\t\t\t<\/div>\n\t\t<\/section>\n\t\t\t\t<\/div>","protected":false},"excerpt":{"rendered":"<p>Privaatsuspoliitika 1. \u00dclds\u00e4tted 1.1. K\u00e4esolev privaatsuspoliitika reguleerib isikuandmete kogumist, t\u00f6\u00f6tlemist ja s\u00e4ilitamist k\u00e4sitlevaid p\u00f5him\u00f5tteid. Isikuandmeid kogub t\u00f6\u00f6tleb ja s\u00e4ilitab isikuandmete vastutav t\u00f6\u00f6tleja SBH SOLUTIONS O\u00dc&nbsp; (edaspidi andmet\u00f6\u00f6tleja).1.2. Andmesubjekt privaatsuspoliitika t\u00e4henduses on klient v\u00f5i muu f\u00fc\u00fcsiline isik, kelle isikuandmeid andmet\u00f6\u00f6tleja t\u00f6\u00f6tleb.1.3. Klient privaatsuspoliitika t\u00e4henduses on iga\u00fcks, kes ostab andmet\u00f6\u00f6tleja kodulehelt kaupu v\u00f5i teenuseid.1.4. Andmet\u00f6\u00f6tleja j\u00e4rgib \u00f5igusaktides [&hellip;]<\/p>\n","protected":false},"author":3,"featured_media":0,"parent":0,"menu_order":92,"comment_status":"closed","ping_status":"closed","template":"","meta":{"_acf_changed":false,"site-sidebar-layout":"default","site-content-layout":"plain-container","ast-site-content-layout":"default","site-content-style":"default","site-sidebar-style":"default","ast-global-header-display":"","ast-banner-title-visibility":"","ast-main-header-display":"","ast-hfb-above-header-display":"","ast-hfb-below-header-display":"","ast-hfb-mobile-header-display":"","site-post-title":"disabled","ast-breadcrumbs-content":"","ast-featured-img":"","footer-sml-layout":"","ast-disable-related-posts":"","theme-transparent-header-meta":"default","adv-header-id-meta":"","stick-header-meta":"","header-above-stick-meta":"","header-main-stick-meta":"","header-below-stick-meta":"","astra-migrate-meta-layouts":"default","ast-page-background-enabled":"default","ast-page-background-meta":{"desktop":{"background-color":"","background-image":"","background-repeat":"repeat","background-position":"center center","background-size":"auto","background-attachment":"scroll","background-type":"","background-media":"","overlay-type":"","overlay-color":"","overlay-opacity":"","overlay-gradient":""},"tablet":{"background-color":"","background-image":"","background-repeat":"repeat","background-position":"center center","background-size":"auto","background-attachment":"scroll","background-type":"","background-media":"","overlay-type":"","overlay-color":"","overlay-opacity":"","overlay-gradient":""},"mobile":{"background-color":"","background-image":"","background-repeat":"repeat","background-position":"center center","background-size":"auto","background-attachment":"scroll","background-type":"","background-media":"","overlay-type":"","overlay-color":"","overlay-opacity":"","overlay-gradient":""}},"ast-content-background-meta":{"desktop":{"background-color":"var(--ast-global-color-5)","background-image":"","background-repeat":"repeat","background-position":"center center","background-size":"auto","background-attachment":"scroll","background-type":"","background-media":"","overlay-type":"","overlay-color":"","overlay-opacity":"","overlay-gradient":""},"tablet":{"background-color":"var(--ast-global-color-5)","background-image":"","background-repeat":"repeat","background-position":"center center","background-size":"auto","background-attachment":"scroll","background-type":"","background-media":"","overlay-type":"","overlay-color":"","overlay-opacity":"","overlay-gradient":""},"mobile":{"background-color":"var(--ast-global-color-5)","background-image":"","background-repeat":"repeat","background-position":"center center","background-size":"auto","background-attachment":"scroll","background-type":"","background-media":"","overlay-type":"","overlay-color":"","overlay-opacity":"","overlay-gradient":""}},"footnotes":""},"class_list":["post-1584","page","type-page","status-publish","hentry"],"acf":[],"yoast_head":"<!-- This site is optimized with the Yoast SEO plugin v27.4 - https:\/\/yoast.com\/product\/yoast-seo-wordpress\/ -->\n<title>Privaatsuspoliitika &#187; SBH Solutions<\/title>\n<meta name=\"robots\" content=\"index, follow, max-snippet:-1, max-image-preview:large, max-video-preview:-1\" \/>\n<link rel=\"canonical\" href=\"https:\/\/sbh.ee\/en\/privaatsuspoliitika\/\" \/>\n<meta property=\"og:locale\" content=\"en_US\" \/>\n<meta property=\"og:type\" content=\"article\" \/>\n<meta property=\"og:title\" content=\"Privaatsuspoliitika &#187; SBH Solutions\" \/>\n<meta property=\"og:description\" content=\"Privaatsuspoliitika 1. \u00dclds\u00e4tted 1.1. K\u00e4esolev privaatsuspoliitika reguleerib isikuandmete kogumist, t\u00f6\u00f6tlemist ja s\u00e4ilitamist k\u00e4sitlevaid p\u00f5him\u00f5tteid. Isikuandmeid kogub t\u00f6\u00f6tleb ja s\u00e4ilitab isikuandmete vastutav t\u00f6\u00f6tleja SBH SOLUTIONS O\u00dc&nbsp; (edaspidi andmet\u00f6\u00f6tleja).1.2. Andmesubjekt privaatsuspoliitika t\u00e4henduses on klient v\u00f5i muu f\u00fc\u00fcsiline isik, kelle isikuandmeid andmet\u00f6\u00f6tleja t\u00f6\u00f6tleb.1.3. Klient privaatsuspoliitika t\u00e4henduses on iga\u00fcks, kes ostab andmet\u00f6\u00f6tleja kodulehelt kaupu v\u00f5i teenuseid.1.4. Andmet\u00f6\u00f6tleja j\u00e4rgib \u00f5igusaktides [&hellip;]\" \/>\n<meta property=\"og:url\" content=\"https:\/\/sbh.ee\/en\/privaatsuspoliitika\/\" \/>\n<meta property=\"og:site_name\" content=\"SBH Solutions\" \/>\n<meta property=\"article:publisher\" content=\"https:\/\/www.facebook.com\/SBHSolutionsOU\" \/>\n<meta property=\"article:modified_time\" content=\"2023-03-27T09:02:28+00:00\" \/>\n<meta property=\"og:image\" content=\"https:\/\/sbh.ee\/wp-content\/uploads\/2020\/01\/SBH-SOLUTIONS_logo.png\" \/>\n\t<meta property=\"og:image:width\" content=\"851\" \/>\n\t<meta property=\"og:image:height\" content=\"230\" \/>\n\t<meta property=\"og:image:type\" content=\"image\/png\" \/>\n<meta name=\"twitter:card\" content=\"summary_large_image\" \/>\n<meta name=\"twitter:label1\" content=\"Est. reading time\" \/>\n\t<meta name=\"twitter:data1\" content=\"3 minutes\" \/>\n<script type=\"application\/ld+json\" class=\"yoast-schema-graph\">{\"@context\":\"https:\\\/\\\/schema.org\",\"@graph\":[{\"@type\":\"WebPage\",\"@id\":\"https:\\\/\\\/sbh.ee\\\/privaatsuspoliitika\\\/\",\"url\":\"https:\\\/\\\/sbh.ee\\\/privaatsuspoliitika\\\/\",\"name\":\"Privaatsuspoliitika &#187; SBH Solutions\",\"isPartOf\":{\"@id\":\"https:\\\/\\\/sbh.ee\\\/#website\"},\"datePublished\":\"2023-03-03T08:10:14+00:00\",\"dateModified\":\"2023-03-27T09:02:28+00:00\",\"breadcrumb\":{\"@id\":\"https:\\\/\\\/sbh.ee\\\/privaatsuspoliitika\\\/#breadcrumb\"},\"inLanguage\":\"en-US\",\"potentialAction\":[{\"@type\":\"ReadAction\",\"target\":[\"https:\\\/\\\/sbh.ee\\\/privaatsuspoliitika\\\/\"]}]},{\"@type\":\"BreadcrumbList\",\"@id\":\"https:\\\/\\\/sbh.ee\\\/privaatsuspoliitika\\\/#breadcrumb\",\"itemListElement\":[{\"@type\":\"ListItem\",\"position\":1,\"name\":\"Esileht\",\"item\":\"https:\\\/\\\/sbh.ee\\\/\"},{\"@type\":\"ListItem\",\"position\":2,\"name\":\"Privaatsuspoliitika\"}]},{\"@type\":\"WebSite\",\"@id\":\"https:\\\/\\\/sbh.ee\\\/#website\",\"url\":\"https:\\\/\\\/sbh.ee\\\/\",\"name\":\"SBH Solutions O\u00dc\",\"description\":\"Elektrit\u00f6\u00f6d ja tark kodu\",\"publisher\":{\"@id\":\"https:\\\/\\\/sbh.ee\\\/#organization\"},\"potentialAction\":[{\"@type\":\"SearchAction\",\"target\":{\"@type\":\"EntryPoint\",\"urlTemplate\":\"https:\\\/\\\/sbh.ee\\\/?s={search_term_string}\"},\"query-input\":{\"@type\":\"PropertyValueSpecification\",\"valueRequired\":true,\"valueName\":\"search_term_string\"}}],\"inLanguage\":\"en-US\"},{\"@type\":\"Organization\",\"@id\":\"https:\\\/\\\/sbh.ee\\\/#organization\",\"name\":\"SBH Solutions O\u00dc\",\"url\":\"https:\\\/\\\/sbh.ee\\\/\",\"logo\":{\"@type\":\"ImageObject\",\"inLanguage\":\"en-US\",\"@id\":\"https:\\\/\\\/sbh.ee\\\/#\\\/schema\\\/logo\\\/image\\\/\",\"url\":\"https:\\\/\\\/sbh.ee\\\/wp-content\\\/uploads\\\/2020\\\/01\\\/cropped-SBH-SOLUTIONS_logo.png\",\"contentUrl\":\"https:\\\/\\\/sbh.ee\\\/wp-content\\\/uploads\\\/2020\\\/01\\\/cropped-SBH-SOLUTIONS_logo.png\",\"width\":851,\"height\":230,\"caption\":\"SBH Solutions O\u00dc\"},\"image\":{\"@id\":\"https:\\\/\\\/sbh.ee\\\/#\\\/schema\\\/logo\\\/image\\\/\"},\"sameAs\":[\"https:\\\/\\\/www.facebook.com\\\/SBHSolutionsOU\"]}]}<\/script>\n<!-- \/ Yoast SEO plugin. -->","yoast_head_json":{"title":"Privaatsuspoliitika &#187; SBH Solutions","robots":{"index":"index","follow":"follow","max-snippet":"max-snippet:-1","max-image-preview":"max-image-preview:large","max-video-preview":"max-video-preview:-1"},"canonical":"https:\/\/sbh.ee\/en\/privaatsuspoliitika\/","og_locale":"en_US","og_type":"article","og_title":"Privaatsuspoliitika &#187; SBH Solutions","og_description":"Privaatsuspoliitika 1. \u00dclds\u00e4tted 1.1. K\u00e4esolev privaatsuspoliitika reguleerib isikuandmete kogumist, t\u00f6\u00f6tlemist ja s\u00e4ilitamist k\u00e4sitlevaid p\u00f5him\u00f5tteid. Isikuandmeid kogub t\u00f6\u00f6tleb ja s\u00e4ilitab isikuandmete vastutav t\u00f6\u00f6tleja SBH SOLUTIONS O\u00dc&nbsp; (edaspidi andmet\u00f6\u00f6tleja).1.2. Andmesubjekt privaatsuspoliitika t\u00e4henduses on klient v\u00f5i muu f\u00fc\u00fcsiline isik, kelle isikuandmeid andmet\u00f6\u00f6tleja t\u00f6\u00f6tleb.1.3. Klient privaatsuspoliitika t\u00e4henduses on iga\u00fcks, kes ostab andmet\u00f6\u00f6tleja kodulehelt kaupu v\u00f5i teenuseid.1.4. Andmet\u00f6\u00f6tleja j\u00e4rgib \u00f5igusaktides [&hellip;]","og_url":"https:\/\/sbh.ee\/en\/privaatsuspoliitika\/","og_site_name":"SBH Solutions","article_publisher":"https:\/\/www.facebook.com\/SBHSolutionsOU","article_modified_time":"2023-03-27T09:02:28+00:00","og_image":[{"width":851,"height":230,"url":"https:\/\/sbh.ee\/wp-content\/uploads\/2020\/01\/SBH-SOLUTIONS_logo.png","type":"image\/png"}],"twitter_card":"summary_large_image","twitter_misc":{"Est. reading time":"3 minutes"},"schema":{"@context":"https:\/\/schema.org","@graph":[{"@type":"WebPage","@id":"https:\/\/sbh.ee\/privaatsuspoliitika\/","url":"https:\/\/sbh.ee\/privaatsuspoliitika\/","name":"Privaatsuspoliitika &#187; SBH Solutions","isPartOf":{"@id":"https:\/\/sbh.ee\/#website"},"datePublished":"2023-03-03T08:10:14+00:00","dateModified":"2023-03-27T09:02:28+00:00","breadcrumb":{"@id":"https:\/\/sbh.ee\/privaatsuspoliitika\/#breadcrumb"},"inLanguage":"en-US","potentialAction":[{"@type":"ReadAction","target":["https:\/\/sbh.ee\/privaatsuspoliitika\/"]}]},{"@type":"BreadcrumbList","@id":"https:\/\/sbh.ee\/privaatsuspoliitika\/#breadcrumb","itemListElement":[{"@type":"ListItem","position":1,"name":"Esileht","item":"https:\/\/sbh.ee\/"},{"@type":"ListItem","position":2,"name":"Privaatsuspoliitika"}]},{"@type":"WebSite","@id":"https:\/\/sbh.ee\/#website","url":"https:\/\/sbh.ee\/","name":"SBH Solutions O\u00dc","description":"Elektrit\u00f6\u00f6d ja tark kodu","publisher":{"@id":"https:\/\/sbh.ee\/#organization"},"potentialAction":[{"@type":"SearchAction","target":{"@type":"EntryPoint","urlTemplate":"https:\/\/sbh.ee\/?s={search_term_string}"},"query-input":{"@type":"PropertyValueSpecification","valueRequired":true,"valueName":"search_term_string"}}],"inLanguage":"en-US"},{"@type":"Organization","@id":"https:\/\/sbh.ee\/#organization","name":"SBH Solutions O\u00dc","url":"https:\/\/sbh.ee\/","logo":{"@type":"ImageObject","inLanguage":"en-US","@id":"https:\/\/sbh.ee\/#\/schema\/logo\/image\/","url":"https:\/\/sbh.ee\/wp-content\/uploads\/2020\/01\/cropped-SBH-SOLUTIONS_logo.png","contentUrl":"https:\/\/sbh.ee\/wp-content\/uploads\/2020\/01\/cropped-SBH-SOLUTIONS_logo.png","width":851,"height":230,"caption":"SBH Solutions O\u00dc"},"image":{"@id":"https:\/\/sbh.ee\/#\/schema\/logo\/image\/"},"sameAs":["https:\/\/www.facebook.com\/SBHSolutionsOU"]}]}},"_links":{"self":[{"href":"https:\/\/sbh.ee\/en\/wp-json\/wp\/v2\/pages\/1584","targetHints":{"allow":["GET"]}}],"collection":[{"href":"https:\/\/sbh.ee\/en\/wp-json\/wp\/v2\/pages"}],"about":[{"href":"https:\/\/sbh.ee\/en\/wp-json\/wp\/v2\/types\/page"}],"author":[{"embeddable":true,"href":"https:\/\/sbh.ee\/en\/wp-json\/wp\/v2\/users\/3"}],"replies":[{"embeddable":true,"href":"https:\/\/sbh.ee\/en\/wp-json\/wp\/v2\/comments?post=1584"}],"version-history":[{"count":0,"href":"https:\/\/sbh.ee\/en\/wp-json\/wp\/v2\/pages\/1584\/revisions"}],"wp:attachment":[{"href":"https:\/\/sbh.ee\/en\/wp-json\/wp\/v2\/media?parent=1584"}],"curies":[{"name":"wp","href":"https:\/\/api.w.org\/{rel}","templated":true}]}}