{"id":2150,"date":"2023-03-24T13:51:06","date_gmt":"2023-03-24T13:51:06","guid":{"rendered":"https:\/\/sbh.ee\/?page_id=2150"},"modified":"2023-07-26T12:22:04","modified_gmt":"2023-07-26T09:22:04","slug":"elektritood","status":"publish","type":"page","link":"https:\/\/sbh.ee\/en\/kodulahendused\/elektritood\/","title":{"rendered":"Elektrit\u00f6\u00f6d"},"content":{"rendered":"<p><img fetchpriority=\"high\" decoding=\"async\" class=\"alignright\" src=\"https:\/\/sbh.ee\/wp-content\/uploads\/2023\/03\/Shelly_Pro_3EM_Pro1_Pro2-breaker_box-CT120-938x938-1-300x300.webp\" alt=\"Elektrit\u00f6\u00f6d\" width=\"300\" height=\"300\" \/>Elektrit\u00f6\u00f6d &#8211; SBH Solutions\u2019i p\u00f5hitegevuseks on k\u00f5ik elektriga seonduv. Uute rajatavate elektripaigaldiste puhul t\u00e4hendab see k\u00f5iki t\u00f6id alates tellija soovist kuni valmisehitatud, t\u00f6\u00f6tava, m\u00f5\u00f5distatud ning auditeeritud elektripaigaldiseni.<\/p>\n<p>T\u00f6\u00f6de hulka kuulub <strong>elektriprojekti koostamine, elektrijuhtmete paigaldus ja \u00fchendamine, elektrikilbi paigaldamine, pistikute, l\u00fclitite ning valgustite paigaldus, vajalike teostusjooniste ning dokumentide vormistamine<\/strong>. Olemasolevate elektripaigaldiste puhul t\u00e4hendab see elektripaigaldiste k\u00e4idu korraldamist, s.o. elektripaigaldise hoolduskava koostamist ning selle j\u00e4rgimist nii, et oleks tagatud seadmete h\u00e4irevaba ja ohutu funktsioneerimine ning sihtotstarbeline t\u00f6\u00f6.<\/p>\n<p>Elektripaigaldise omanik peab tagama elektripaigaldise n\u00f5uetekohase kasutamise, sealhulgas elektripaigaldise \u00f5igeaegse auditi. Auditi eesm\u00e4rk on hinnata elektripaigaldise ohutust ning vajadusel selle k\u00e4idukorraldust seadme ohutuse seaduses s\u00e4testatud n\u00f5uetele. Audit tuleb teostada igas elektripaigaldises enne selle kasutuselev\u00f5ttu ning etten\u00e4htud juhtudel ja sagedusel p\u00e4rast kasutuselev\u00f5ttu. Selle alusel jaguneb audit kasutuselev\u00f5tule eelnevaks, korraliseks ja erakorraliseks auditiks.<\/p>\n<p>Elektrit\u00f6\u00f6d v\u00f5ib kasutusele v\u00f5tta, kui see on l\u00e4binud eelneva auditi ja elektripaigaldise kohta on v\u00e4ljastatud auditi tunnistus.<\/p>\n<p>Erakorraline audit teostatakse, kui elektripaigaldise omanik, kasutaja v\u00f5i k\u00e4idukorraldaja peab seda ohutuse tagamiseks vajalikuks v\u00f5i kui riikliku j\u00e4relevalve teostaja seda n\u00f5uab.<\/p>\n<p>Auditi v\u00f5i kontrollm\u00f5\u00f5tmise tellimiseks saada meile vastavasisuline e-mail <a href=\"mailto:info@sbh.ee\">info@sbh.ee<\/a><\/p>","protected":false},"excerpt":{"rendered":"<p>Elektrit\u00f6\u00f6d &#8211; SBH Solutions\u2019i p\u00f5hitegevuseks on k\u00f5ik elektriga seonduv. Uute rajatavate elektripaigaldiste puhul t\u00e4hendab see k\u00f5iki t\u00f6id alates tellija soovist kuni valmisehitatud, t\u00f6\u00f6tava, m\u00f5\u00f5distatud ning auditeeritud elektripaigaldiseni. T\u00f6\u00f6de hulka kuulub elektriprojekti koostamine, elektrijuhtmete paigaldus ja \u00fchendamine, elektrikilbi paigaldamine, pistikute, l\u00fclitite ning valgustite paigaldus, vajalike teostusjooniste ning dokumentide vormistamine. Olemasolevate elektripaigaldiste puhul t\u00e4hendab see elektripaigaldiste k\u00e4idu [&hellip;]<\/p>\n","protected":false},"author":3,"featured_media":1957,"parent":1152,"menu_order":0,"comment_status":"closed","ping_status":"closed","template":"","meta":{"_acf_changed":false,"site-sidebar-layout":"default","site-content-layout":"default","ast-site-content-layout":"default","site-content-style":"default","site-sidebar-style":"default","ast-global-header-display":"","ast-banner-title-visibility":"","ast-main-header-display":"","ast-hfb-above-header-display":"","ast-hfb-below-header-display":"","ast-hfb-mobile-header-display":"","site-post-title":"","ast-breadcrumbs-content":"","ast-featured-img":"","footer-sml-layout":"","ast-disable-related-posts":"","theme-transparent-header-meta":"default","adv-header-id-meta":"","stick-header-meta":"","header-above-stick-meta":"","header-main-stick-meta":"","header-below-stick-meta":"","astra-migrate-meta-layouts":"default","ast-page-background-enabled":"default","ast-page-background-meta":{"desktop":{"background-color":"","background-image":"","background-repeat":"repeat","background-position":"center center","background-size":"auto","background-attachment":"scroll","background-type":"","background-media":"","overlay-type":"","overlay-color":"","overlay-opacity":"","overlay-gradient":""},"tablet":{"background-color":"","background-image":"","background-repeat":"repeat","background-position":"center center","background-size":"auto","background-attachment":"scroll","background-type":"","background-media":"","overlay-type":"","overlay-color":"","overlay-opacity":"","overlay-gradient":""},"mobile":{"background-color":"","background-image":"","background-repeat":"repeat","background-position":"center center","background-size":"auto","background-attachment":"scroll","background-type":"","background-media":"","overlay-type":"","overlay-color":"","overlay-opacity":"","overlay-gradient":""}},"ast-content-background-meta":{"desktop":{"background-color":"var(--ast-global-color-5)","background-image":"","background-repeat":"repeat","background-position":"center center","background-size":"auto","background-attachment":"scroll","background-type":"","background-media":"","overlay-type":"","overlay-color":"","overlay-opacity":"","overlay-gradient":""},"tablet":{"background-color":"var(--ast-global-color-5)","background-image":"","background-repeat":"repeat","background-position":"center center","background-size":"auto","background-attachment":"scroll","background-type":"","background-media":"","overlay-type":"","overlay-color":"","overlay-opacity":"","overlay-gradient":""},"mobile":{"background-color":"var(--ast-global-color-5)","background-image":"","background-repeat":"repeat","background-position":"center center","background-size":"auto","background-attachment":"scroll","background-type":"","background-media":"","overlay-type":"","overlay-color":"","overlay-opacity":"","overlay-gradient":""}},"footnotes":""},"class_list":["post-2150","page","type-page","status-publish","has-post-thumbnail","hentry"],"acf":[],"yoast_head":"<!-- This site is optimized with the Yoast SEO plugin v27.4 - https:\/\/yoast.com\/product\/yoast-seo-wordpress\/ -->\n<title>Elektrit\u00f6\u00f6d &#187; SBH Solutions<\/title>\n<meta name=\"description\" content=\"Elektrit\u00f6\u00f6d- SBH Solutions\u2019i p\u00f5hitegevuseks on k\u00f5ik elektriga seonduv. Alates tellija soovist kuni t\u00f6\u00f6tava auditeeritud elektripaigaldiseni\" \/>\n<meta name=\"robots\" content=\"index, follow, max-snippet:-1, max-image-preview:large, max-video-preview:-1\" \/>\n<link rel=\"canonical\" href=\"https:\/\/sbh.ee\/en\/kodulahendused\/elektritood\/\" \/>\n<meta property=\"og:locale\" content=\"en_US\" \/>\n<meta property=\"og:type\" content=\"article\" \/>\n<meta property=\"og:title\" content=\"Elektrit\u00f6\u00f6d &#187; SBH Solutions\" \/>\n<meta property=\"og:description\" content=\"Elektrit\u00f6\u00f6d- SBH Solutions\u2019i p\u00f5hitegevuseks on k\u00f5ik elektriga seonduv. Alates tellija soovist kuni t\u00f6\u00f6tava auditeeritud elektripaigaldiseni\" \/>\n<meta property=\"og:url\" content=\"https:\/\/sbh.ee\/en\/kodulahendused\/elektritood\/\" \/>\n<meta property=\"og:site_name\" content=\"SBH Solutions\" \/>\n<meta property=\"article:publisher\" content=\"https:\/\/www.facebook.com\/SBHSolutionsOU\" \/>\n<meta property=\"article:modified_time\" content=\"2023-07-26T09:22:04+00:00\" \/>\n<meta property=\"og:image\" content=\"https:\/\/sbh.ee\/wp-content\/uploads\/2023\/03\/Shelly_Pro_3EM_Pro1_Pro2-breaker_box-CT120-938x938-1.webp\" \/>\n\t<meta property=\"og:image:width\" content=\"938\" \/>\n\t<meta property=\"og:image:height\" content=\"938\" \/>\n\t<meta property=\"og:image:type\" content=\"image\/webp\" \/>\n<meta name=\"twitter:card\" content=\"summary_large_image\" \/>\n<meta name=\"twitter:label1\" content=\"Est. reading time\" \/>\n\t<meta name=\"twitter:data1\" content=\"2 minutes\" \/>\n<script type=\"application\/ld+json\" class=\"yoast-schema-graph\">{\"@context\":\"https:\\\/\\\/schema.org\",\"@graph\":[{\"@type\":\"WebPage\",\"@id\":\"https:\\\/\\\/sbh.ee\\\/kodulahendused\\\/elektritood\\\/\",\"url\":\"https:\\\/\\\/sbh.ee\\\/kodulahendused\\\/elektritood\\\/\",\"name\":\"Elektrit\u00f6\u00f6d &#187; SBH Solutions\",\"isPartOf\":{\"@id\":\"https:\\\/\\\/sbh.ee\\\/#website\"},\"primaryImageOfPage\":{\"@id\":\"https:\\\/\\\/sbh.ee\\\/kodulahendused\\\/elektritood\\\/#primaryimage\"},\"image\":{\"@id\":\"https:\\\/\\\/sbh.ee\\\/kodulahendused\\\/elektritood\\\/#primaryimage\"},\"thumbnailUrl\":\"https:\\\/\\\/sbh.ee\\\/wp-content\\\/uploads\\\/2023\\\/03\\\/Shelly_Pro_3EM_Pro1_Pro2-breaker_box-CT120-938x938-1.webp\",\"datePublished\":\"2023-03-24T13:51:06+00:00\",\"dateModified\":\"2023-07-26T09:22:04+00:00\",\"description\":\"Elektrit\u00f6\u00f6d- SBH Solutions\u2019i p\u00f5hitegevuseks on k\u00f5ik elektriga seonduv. Alates tellija soovist kuni t\u00f6\u00f6tava auditeeritud elektripaigaldiseni\",\"breadcrumb\":{\"@id\":\"https:\\\/\\\/sbh.ee\\\/kodulahendused\\\/elektritood\\\/#breadcrumb\"},\"inLanguage\":\"en-US\",\"potentialAction\":[{\"@type\":\"ReadAction\",\"target\":[\"https:\\\/\\\/sbh.ee\\\/kodulahendused\\\/elektritood\\\/\"]}]},{\"@type\":\"ImageObject\",\"inLanguage\":\"en-US\",\"@id\":\"https:\\\/\\\/sbh.ee\\\/kodulahendused\\\/elektritood\\\/#primaryimage\",\"url\":\"https:\\\/\\\/sbh.ee\\\/wp-content\\\/uploads\\\/2023\\\/03\\\/Shelly_Pro_3EM_Pro1_Pro2-breaker_box-CT120-938x938-1.webp\",\"contentUrl\":\"https:\\\/\\\/sbh.ee\\\/wp-content\\\/uploads\\\/2023\\\/03\\\/Shelly_Pro_3EM_Pro1_Pro2-breaker_box-CT120-938x938-1.webp\",\"width\":938,\"height\":938,\"caption\":\"Elektrit\u00f6\u00f6d\"},{\"@type\":\"BreadcrumbList\",\"@id\":\"https:\\\/\\\/sbh.ee\\\/kodulahendused\\\/elektritood\\\/#breadcrumb\",\"itemListElement\":[{\"@type\":\"ListItem\",\"position\":1,\"name\":\"Esileht\",\"item\":\"https:\\\/\\\/sbh.ee\\\/\"},{\"@type\":\"ListItem\",\"position\":2,\"name\":\"Kodulahendused\",\"item\":\"https:\\\/\\\/sbh.ee\\\/kodulahendused\\\/\"},{\"@type\":\"ListItem\",\"position\":3,\"name\":\"Elektrit\u00f6\u00f6d\"}]},{\"@type\":\"WebSite\",\"@id\":\"https:\\\/\\\/sbh.ee\\\/#website\",\"url\":\"https:\\\/\\\/sbh.ee\\\/\",\"name\":\"SBH Solutions O\u00dc\",\"description\":\"Elektrit\u00f6\u00f6d ja tark kodu\",\"publisher\":{\"@id\":\"https:\\\/\\\/sbh.ee\\\/#organization\"},\"potentialAction\":[{\"@type\":\"SearchAction\",\"target\":{\"@type\":\"EntryPoint\",\"urlTemplate\":\"https:\\\/\\\/sbh.ee\\\/?s={search_term_string}\"},\"query-input\":{\"@type\":\"PropertyValueSpecification\",\"valueRequired\":true,\"valueName\":\"search_term_string\"}}],\"inLanguage\":\"en-US\"},{\"@type\":\"Organization\",\"@id\":\"https:\\\/\\\/sbh.ee\\\/#organization\",\"name\":\"SBH Solutions O\u00dc\",\"url\":\"https:\\\/\\\/sbh.ee\\\/\",\"logo\":{\"@type\":\"ImageObject\",\"inLanguage\":\"en-US\",\"@id\":\"https:\\\/\\\/sbh.ee\\\/#\\\/schema\\\/logo\\\/image\\\/\",\"url\":\"https:\\\/\\\/sbh.ee\\\/wp-content\\\/uploads\\\/2020\\\/01\\\/cropped-SBH-SOLUTIONS_logo.png\",\"contentUrl\":\"https:\\\/\\\/sbh.ee\\\/wp-content\\\/uploads\\\/2020\\\/01\\\/cropped-SBH-SOLUTIONS_logo.png\",\"width\":851,\"height\":230,\"caption\":\"SBH Solutions O\u00dc\"},\"image\":{\"@id\":\"https:\\\/\\\/sbh.ee\\\/#\\\/schema\\\/logo\\\/image\\\/\"},\"sameAs\":[\"https:\\\/\\\/www.facebook.com\\\/SBHSolutionsOU\"]}]}<\/script>\n<!-- \/ Yoast SEO plugin. -->","yoast_head_json":{"title":"Elektrit\u00f6\u00f6d &#187; SBH Solutions","description":"Elektrit\u00f6\u00f6d- SBH Solutions\u2019i p\u00f5hitegevuseks on k\u00f5ik elektriga seonduv. Alates tellija soovist kuni t\u00f6\u00f6tava auditeeritud elektripaigaldiseni","robots":{"index":"index","follow":"follow","max-snippet":"max-snippet:-1","max-image-preview":"max-image-preview:large","max-video-preview":"max-video-preview:-1"},"canonical":"https:\/\/sbh.ee\/en\/kodulahendused\/elektritood\/","og_locale":"en_US","og_type":"article","og_title":"Elektrit\u00f6\u00f6d &#187; SBH Solutions","og_description":"Elektrit\u00f6\u00f6d- SBH Solutions\u2019i p\u00f5hitegevuseks on k\u00f5ik elektriga seonduv. Alates tellija soovist kuni t\u00f6\u00f6tava auditeeritud elektripaigaldiseni","og_url":"https:\/\/sbh.ee\/en\/kodulahendused\/elektritood\/","og_site_name":"SBH Solutions","article_publisher":"https:\/\/www.facebook.com\/SBHSolutionsOU","article_modified_time":"2023-07-26T09:22:04+00:00","og_image":[{"width":938,"height":938,"url":"https:\/\/sbh.ee\/wp-content\/uploads\/2023\/03\/Shelly_Pro_3EM_Pro1_Pro2-breaker_box-CT120-938x938-1.webp","type":"image\/webp"}],"twitter_card":"summary_large_image","twitter_misc":{"Est. reading time":"2 minutes"},"schema":{"@context":"https:\/\/schema.org","@graph":[{"@type":"WebPage","@id":"https:\/\/sbh.ee\/kodulahendused\/elektritood\/","url":"https:\/\/sbh.ee\/kodulahendused\/elektritood\/","name":"Elektrit\u00f6\u00f6d &#187; SBH Solutions","isPartOf":{"@id":"https:\/\/sbh.ee\/#website"},"primaryImageOfPage":{"@id":"https:\/\/sbh.ee\/kodulahendused\/elektritood\/#primaryimage"},"image":{"@id":"https:\/\/sbh.ee\/kodulahendused\/elektritood\/#primaryimage"},"thumbnailUrl":"https:\/\/sbh.ee\/wp-content\/uploads\/2023\/03\/Shelly_Pro_3EM_Pro1_Pro2-breaker_box-CT120-938x938-1.webp","datePublished":"2023-03-24T13:51:06+00:00","dateModified":"2023-07-26T09:22:04+00:00","description":"Elektrit\u00f6\u00f6d- SBH Solutions\u2019i p\u00f5hitegevuseks on k\u00f5ik elektriga seonduv. Alates tellija soovist kuni t\u00f6\u00f6tava auditeeritud elektripaigaldiseni","breadcrumb":{"@id":"https:\/\/sbh.ee\/kodulahendused\/elektritood\/#breadcrumb"},"inLanguage":"en-US","potentialAction":[{"@type":"ReadAction","target":["https:\/\/sbh.ee\/kodulahendused\/elektritood\/"]}]},{"@type":"ImageObject","inLanguage":"en-US","@id":"https:\/\/sbh.ee\/kodulahendused\/elektritood\/#primaryimage","url":"https:\/\/sbh.ee\/wp-content\/uploads\/2023\/03\/Shelly_Pro_3EM_Pro1_Pro2-breaker_box-CT120-938x938-1.webp","contentUrl":"https:\/\/sbh.ee\/wp-content\/uploads\/2023\/03\/Shelly_Pro_3EM_Pro1_Pro2-breaker_box-CT120-938x938-1.webp","width":938,"height":938,"caption":"Elektrit\u00f6\u00f6d"},{"@type":"BreadcrumbList","@id":"https:\/\/sbh.ee\/kodulahendused\/elektritood\/#breadcrumb","itemListElement":[{"@type":"ListItem","position":1,"name":"Esileht","item":"https:\/\/sbh.ee\/"},{"@type":"ListItem","position":2,"name":"Kodulahendused","item":"https:\/\/sbh.ee\/kodulahendused\/"},{"@type":"ListItem","position":3,"name":"Elektrit\u00f6\u00f6d"}]},{"@type":"WebSite","@id":"https:\/\/sbh.ee\/#website","url":"https:\/\/sbh.ee\/","name":"SBH Solutions O\u00dc","description":"Elektrit\u00f6\u00f6d ja tark kodu","publisher":{"@id":"https:\/\/sbh.ee\/#organization"},"potentialAction":[{"@type":"SearchAction","target":{"@type":"EntryPoint","urlTemplate":"https:\/\/sbh.ee\/?s={search_term_string}"},"query-input":{"@type":"PropertyValueSpecification","valueRequired":true,"valueName":"search_term_string"}}],"inLanguage":"en-US"},{"@type":"Organization","@id":"https:\/\/sbh.ee\/#organization","name":"SBH Solutions O\u00dc","url":"https:\/\/sbh.ee\/","logo":{"@type":"ImageObject","inLanguage":"en-US","@id":"https:\/\/sbh.ee\/#\/schema\/logo\/image\/","url":"https:\/\/sbh.ee\/wp-content\/uploads\/2020\/01\/cropped-SBH-SOLUTIONS_logo.png","contentUrl":"https:\/\/sbh.ee\/wp-content\/uploads\/2020\/01\/cropped-SBH-SOLUTIONS_logo.png","width":851,"height":230,"caption":"SBH Solutions O\u00dc"},"image":{"@id":"https:\/\/sbh.ee\/#\/schema\/logo\/image\/"},"sameAs":["https:\/\/www.facebook.com\/SBHSolutionsOU"]}]}},"_links":{"self":[{"href":"https:\/\/sbh.ee\/en\/wp-json\/wp\/v2\/pages\/2150","targetHints":{"allow":["GET"]}}],"collection":[{"href":"https:\/\/sbh.ee\/en\/wp-json\/wp\/v2\/pages"}],"about":[{"href":"https:\/\/sbh.ee\/en\/wp-json\/wp\/v2\/types\/page"}],"author":[{"embeddable":true,"href":"https:\/\/sbh.ee\/en\/wp-json\/wp\/v2\/users\/3"}],"replies":[{"embeddable":true,"href":"https:\/\/sbh.ee\/en\/wp-json\/wp\/v2\/comments?post=2150"}],"version-history":[{"count":0,"href":"https:\/\/sbh.ee\/en\/wp-json\/wp\/v2\/pages\/2150\/revisions"}],"up":[{"embeddable":true,"href":"https:\/\/sbh.ee\/en\/wp-json\/wp\/v2\/pages\/1152"}],"wp:featuredmedia":[{"embeddable":true,"href":"https:\/\/sbh.ee\/en\/wp-json\/wp\/v2\/media\/1957"}],"wp:attachment":[{"href":"https:\/\/sbh.ee\/en\/wp-json\/wp\/v2\/media?parent=2150"}],"curies":[{"name":"wp","href":"https:\/\/api.w.org\/{rel}","templated":true}]}}