{"id":2173,"date":"2023-03-24T14:16:29","date_gmt":"2023-03-24T14:16:29","guid":{"rendered":"https:\/\/sbh.ee\/?page_id=2173"},"modified":"2023-07-26T12:15:33","modified_gmt":"2023-07-26T09:15:33","slug":"hooneautomaatika","status":"publish","type":"page","link":"https:\/\/sbh.ee\/en\/arilahendused\/hooneautomaatika\/","title":{"rendered":"Hooneautomaatika"},"content":{"rendered":"<p><strong>Hooneautomaatika ehk BMS (building management system)<\/strong> v\u00f5imaldab hoone haldajal saada operatiivselt tagasisidet hoone tehnos\u00fcsteemide t\u00f6\u00f6st. T\u00e4nu hoolikalt l\u00e4bi m\u00f5eldud k\u00e4itumisstsenaariumide ennetada kahjusid tehnos\u00fcsteemidele ja hoonele. Samuti v\u00f5imaldab hooneautomaatika teadlikul kasutajal olulisel m\u00e4\u00e4ral <strong>optimeerida hoone energiakulusid<\/strong>. Viies tehnos\u00fcsteemide t\u00f6\u00f6graafikud vastavusse hoone spetsiifika ja kasutuse ajagraafikuga. Enamus t\u00e4nap\u00e4eva hooneid omavad BMS-i, kuid tihti on esinenud olukordi, kus kliendil endal puudub spetsialist kes tegeleb hoone automaatikas\u00fcsteemi haldamisega. V\u00f5i kellel on olemas vastav oskusteave. Selleks puhuks pakume kliendile v\u00f5imalust kasutada automaatika k\u00e4idukorraldus teenust.<\/p>\n<p><strong>SBH Solutions pakub nii olemasoleva BMS\u2019i hooldust kui remonti<\/strong>, lisaks ka mittetoimiva BMS\u2019i t\u00f6\u00f6korda seadmist ning integratsiooni \u2013 uue s\u00fcsteemi ja visuaali ehitamist. Tihti vanade BMS s\u00fcsteemide puhul mis on ehitatud keskarvuti p\u00f5hiselt j\u00e4etakse hooldamata ning hoone automaatikat juhtiv arvuti sureb \u00e4ra. Sellisel juhul saame aidata integratsiooniga \u2013 ei ole vaja v\u00e4lja vahetada kogu s\u00fcsteem vaid saab vanade seadmete k\u00fclge pookida uue, kiirema ja modernsema arvuti ja visuaali.<\/p>","protected":false},"excerpt":{"rendered":"<p>Hooneautomaatika ehk BMS (building management system) v\u00f5imaldab hoone haldajal saada operatiivselt tagasisidet hoone tehnos\u00fcsteemide t\u00f6\u00f6st. T\u00e4nu hoolikalt l\u00e4bi m\u00f5eldud k\u00e4itumisstsenaariumide ennetada kahjusid tehnos\u00fcsteemidele ja hoonele. Samuti v\u00f5imaldab hooneautomaatika teadlikul kasutajal olulisel m\u00e4\u00e4ral optimeerida hoone energiakulusid. Viies tehnos\u00fcsteemide t\u00f6\u00f6graafikud vastavusse hoone spetsiifika ja kasutuse ajagraafikuga. Enamus t\u00e4nap\u00e4eva hooneid omavad BMS-i, kuid tihti on esinenud olukordi, kus [&hellip;]<\/p>\n","protected":false},"author":3,"featured_media":0,"parent":652,"menu_order":0,"comment_status":"closed","ping_status":"closed","template":"","meta":{"_acf_changed":false,"site-sidebar-layout":"default","site-content-layout":"default","ast-site-content-layout":"default","site-content-style":"default","site-sidebar-style":"default","ast-global-header-display":"","ast-banner-title-visibility":"","ast-main-header-display":"","ast-hfb-above-header-display":"","ast-hfb-below-header-display":"","ast-hfb-mobile-header-display":"","site-post-title":"","ast-breadcrumbs-content":"","ast-featured-img":"","footer-sml-layout":"","ast-disable-related-posts":"","theme-transparent-header-meta":"default","adv-header-id-meta":"","stick-header-meta":"","header-above-stick-meta":"","header-main-stick-meta":"","header-below-stick-meta":"","astra-migrate-meta-layouts":"default","ast-page-background-enabled":"default","ast-page-background-meta":{"desktop":{"background-color":"","background-image":"","background-repeat":"repeat","background-position":"center center","background-size":"auto","background-attachment":"scroll","background-type":"","background-media":"","overlay-type":"","overlay-color":"","overlay-opacity":"","overlay-gradient":""},"tablet":{"background-color":"","background-image":"","background-repeat":"repeat","background-position":"center center","background-size":"auto","background-attachment":"scroll","background-type":"","background-media":"","overlay-type":"","overlay-color":"","overlay-opacity":"","overlay-gradient":""},"mobile":{"background-color":"","background-image":"","background-repeat":"repeat","background-position":"center center","background-size":"auto","background-attachment":"scroll","background-type":"","background-media":"","overlay-type":"","overlay-color":"","overlay-opacity":"","overlay-gradient":""}},"ast-content-background-meta":{"desktop":{"background-color":"var(--ast-global-color-5)","background-image":"","background-repeat":"repeat","background-position":"center center","background-size":"auto","background-attachment":"scroll","background-type":"","background-media":"","overlay-type":"","overlay-color":"","overlay-opacity":"","overlay-gradient":""},"tablet":{"background-color":"var(--ast-global-color-5)","background-image":"","background-repeat":"repeat","background-position":"center center","background-size":"auto","background-attachment":"scroll","background-type":"","background-media":"","overlay-type":"","overlay-color":"","overlay-opacity":"","overlay-gradient":""},"mobile":{"background-color":"var(--ast-global-color-5)","background-image":"","background-repeat":"repeat","background-position":"center center","background-size":"auto","background-attachment":"scroll","background-type":"","background-media":"","overlay-type":"","overlay-color":"","overlay-opacity":"","overlay-gradient":""}},"footnotes":""},"class_list":["post-2173","page","type-page","status-publish","hentry"],"acf":[],"yoast_head":"<!-- This site is optimized with the Yoast SEO plugin v27.5 - https:\/\/yoast.com\/product\/yoast-seo-wordpress\/ -->\n<title>Hooneautomaatika &#187; SBH Solutions<\/title>\n<meta name=\"description\" content=\"Hooneautomaatika ehk BMS (building management system) v\u00f5imaldab hoone haldajal saada operatiivselt tagasisidet hoone tehnos\u00fcsteemide t\u00f6\u00f6st.\" \/>\n<meta name=\"robots\" content=\"index, follow, max-snippet:-1, max-image-preview:large, max-video-preview:-1\" \/>\n<link rel=\"canonical\" href=\"https:\/\/sbh.ee\/en\/arilahendused\/hooneautomaatika\/\" \/>\n<meta property=\"og:locale\" content=\"en_US\" \/>\n<meta property=\"og:type\" content=\"article\" \/>\n<meta property=\"og:title\" content=\"Hooneautomaatika &#187; SBH Solutions\" \/>\n<meta property=\"og:description\" content=\"Hooneautomaatika ehk BMS (building management system) v\u00f5imaldab hoone haldajal saada operatiivselt tagasisidet hoone tehnos\u00fcsteemide t\u00f6\u00f6st.\" \/>\n<meta property=\"og:url\" content=\"https:\/\/sbh.ee\/en\/arilahendused\/hooneautomaatika\/\" \/>\n<meta property=\"og:site_name\" content=\"SBH Solutions\" \/>\n<meta property=\"article:publisher\" content=\"https:\/\/www.facebook.com\/SBHSolutionsOU\" \/>\n<meta property=\"article:modified_time\" content=\"2023-07-26T09:15:33+00:00\" \/>\n<meta property=\"og:image\" content=\"https:\/\/sbh.ee\/wp-content\/uploads\/2020\/01\/SBH-SOLUTIONS_logo.png\" \/>\n\t<meta property=\"og:image:width\" content=\"851\" \/>\n\t<meta property=\"og:image:height\" content=\"230\" \/>\n\t<meta property=\"og:image:type\" content=\"image\/png\" \/>\n<meta name=\"twitter:card\" content=\"summary_large_image\" \/>\n<meta name=\"twitter:label1\" content=\"Est. reading time\" \/>\n\t<meta name=\"twitter:data1\" content=\"1 minute\" \/>\n<script type=\"application\/ld+json\" class=\"yoast-schema-graph\">{\"@context\":\"https:\\\/\\\/schema.org\",\"@graph\":[{\"@type\":\"WebPage\",\"@id\":\"https:\\\/\\\/sbh.ee\\\/arilahendused\\\/hooneautomaatika\\\/\",\"url\":\"https:\\\/\\\/sbh.ee\\\/arilahendused\\\/hooneautomaatika\\\/\",\"name\":\"Hooneautomaatika &#187; SBH Solutions\",\"isPartOf\":{\"@id\":\"https:\\\/\\\/sbh.ee\\\/#website\"},\"datePublished\":\"2023-03-24T14:16:29+00:00\",\"dateModified\":\"2023-07-26T09:15:33+00:00\",\"description\":\"Hooneautomaatika ehk BMS (building management system) v\u00f5imaldab hoone haldajal saada operatiivselt tagasisidet hoone tehnos\u00fcsteemide t\u00f6\u00f6st.\",\"breadcrumb\":{\"@id\":\"https:\\\/\\\/sbh.ee\\\/arilahendused\\\/hooneautomaatika\\\/#breadcrumb\"},\"inLanguage\":\"en-US\",\"potentialAction\":[{\"@type\":\"ReadAction\",\"target\":[\"https:\\\/\\\/sbh.ee\\\/arilahendused\\\/hooneautomaatika\\\/\"]}]},{\"@type\":\"BreadcrumbList\",\"@id\":\"https:\\\/\\\/sbh.ee\\\/arilahendused\\\/hooneautomaatika\\\/#breadcrumb\",\"itemListElement\":[{\"@type\":\"ListItem\",\"position\":1,\"name\":\"Esileht\",\"item\":\"https:\\\/\\\/sbh.ee\\\/\"},{\"@type\":\"ListItem\",\"position\":2,\"name\":\"\u00c4rilahendused\",\"item\":\"https:\\\/\\\/sbh.ee\\\/arilahendused\\\/\"},{\"@type\":\"ListItem\",\"position\":3,\"name\":\"Hooneautomaatika\"}]},{\"@type\":\"WebSite\",\"@id\":\"https:\\\/\\\/sbh.ee\\\/#website\",\"url\":\"https:\\\/\\\/sbh.ee\\\/\",\"name\":\"SBH Solutions O\u00dc\",\"description\":\"Elektrit\u00f6\u00f6d ja tark kodu\",\"publisher\":{\"@id\":\"https:\\\/\\\/sbh.ee\\\/#organization\"},\"potentialAction\":[{\"@type\":\"SearchAction\",\"target\":{\"@type\":\"EntryPoint\",\"urlTemplate\":\"https:\\\/\\\/sbh.ee\\\/?s={search_term_string}\"},\"query-input\":{\"@type\":\"PropertyValueSpecification\",\"valueRequired\":true,\"valueName\":\"search_term_string\"}}],\"inLanguage\":\"en-US\"},{\"@type\":\"Organization\",\"@id\":\"https:\\\/\\\/sbh.ee\\\/#organization\",\"name\":\"SBH Solutions O\u00dc\",\"url\":\"https:\\\/\\\/sbh.ee\\\/\",\"logo\":{\"@type\":\"ImageObject\",\"inLanguage\":\"en-US\",\"@id\":\"https:\\\/\\\/sbh.ee\\\/#\\\/schema\\\/logo\\\/image\\\/\",\"url\":\"https:\\\/\\\/sbh.ee\\\/wp-content\\\/uploads\\\/2020\\\/01\\\/cropped-SBH-SOLUTIONS_logo.png\",\"contentUrl\":\"https:\\\/\\\/sbh.ee\\\/wp-content\\\/uploads\\\/2020\\\/01\\\/cropped-SBH-SOLUTIONS_logo.png\",\"width\":851,\"height\":230,\"caption\":\"SBH Solutions O\u00dc\"},\"image\":{\"@id\":\"https:\\\/\\\/sbh.ee\\\/#\\\/schema\\\/logo\\\/image\\\/\"},\"sameAs\":[\"https:\\\/\\\/www.facebook.com\\\/SBHSolutionsOU\"]}]}<\/script>\n<!-- \/ Yoast SEO plugin. -->","yoast_head_json":{"title":"Hooneautomaatika &#187; SBH Solutions","description":"Hooneautomaatika ehk BMS (building management system) v\u00f5imaldab hoone haldajal saada operatiivselt tagasisidet hoone tehnos\u00fcsteemide t\u00f6\u00f6st.","robots":{"index":"index","follow":"follow","max-snippet":"max-snippet:-1","max-image-preview":"max-image-preview:large","max-video-preview":"max-video-preview:-1"},"canonical":"https:\/\/sbh.ee\/en\/arilahendused\/hooneautomaatika\/","og_locale":"en_US","og_type":"article","og_title":"Hooneautomaatika &#187; SBH Solutions","og_description":"Hooneautomaatika ehk BMS (building management system) v\u00f5imaldab hoone haldajal saada operatiivselt tagasisidet hoone tehnos\u00fcsteemide t\u00f6\u00f6st.","og_url":"https:\/\/sbh.ee\/en\/arilahendused\/hooneautomaatika\/","og_site_name":"SBH Solutions","article_publisher":"https:\/\/www.facebook.com\/SBHSolutionsOU","article_modified_time":"2023-07-26T09:15:33+00:00","og_image":[{"width":851,"height":230,"url":"https:\/\/sbh.ee\/wp-content\/uploads\/2020\/01\/SBH-SOLUTIONS_logo.png","type":"image\/png"}],"twitter_card":"summary_large_image","twitter_misc":{"Est. reading time":"1 minute"},"schema":{"@context":"https:\/\/schema.org","@graph":[{"@type":"WebPage","@id":"https:\/\/sbh.ee\/arilahendused\/hooneautomaatika\/","url":"https:\/\/sbh.ee\/arilahendused\/hooneautomaatika\/","name":"Hooneautomaatika &#187; SBH Solutions","isPartOf":{"@id":"https:\/\/sbh.ee\/#website"},"datePublished":"2023-03-24T14:16:29+00:00","dateModified":"2023-07-26T09:15:33+00:00","description":"Hooneautomaatika ehk BMS (building management system) v\u00f5imaldab hoone haldajal saada operatiivselt tagasisidet hoone tehnos\u00fcsteemide t\u00f6\u00f6st.","breadcrumb":{"@id":"https:\/\/sbh.ee\/arilahendused\/hooneautomaatika\/#breadcrumb"},"inLanguage":"en-US","potentialAction":[{"@type":"ReadAction","target":["https:\/\/sbh.ee\/arilahendused\/hooneautomaatika\/"]}]},{"@type":"BreadcrumbList","@id":"https:\/\/sbh.ee\/arilahendused\/hooneautomaatika\/#breadcrumb","itemListElement":[{"@type":"ListItem","position":1,"name":"Esileht","item":"https:\/\/sbh.ee\/"},{"@type":"ListItem","position":2,"name":"\u00c4rilahendused","item":"https:\/\/sbh.ee\/arilahendused\/"},{"@type":"ListItem","position":3,"name":"Hooneautomaatika"}]},{"@type":"WebSite","@id":"https:\/\/sbh.ee\/#website","url":"https:\/\/sbh.ee\/","name":"SBH Solutions O\u00dc","description":"Elektrit\u00f6\u00f6d ja tark kodu","publisher":{"@id":"https:\/\/sbh.ee\/#organization"},"potentialAction":[{"@type":"SearchAction","target":{"@type":"EntryPoint","urlTemplate":"https:\/\/sbh.ee\/?s={search_term_string}"},"query-input":{"@type":"PropertyValueSpecification","valueRequired":true,"valueName":"search_term_string"}}],"inLanguage":"en-US"},{"@type":"Organization","@id":"https:\/\/sbh.ee\/#organization","name":"SBH Solutions O\u00dc","url":"https:\/\/sbh.ee\/","logo":{"@type":"ImageObject","inLanguage":"en-US","@id":"https:\/\/sbh.ee\/#\/schema\/logo\/image\/","url":"https:\/\/sbh.ee\/wp-content\/uploads\/2020\/01\/cropped-SBH-SOLUTIONS_logo.png","contentUrl":"https:\/\/sbh.ee\/wp-content\/uploads\/2020\/01\/cropped-SBH-SOLUTIONS_logo.png","width":851,"height":230,"caption":"SBH Solutions O\u00dc"},"image":{"@id":"https:\/\/sbh.ee\/#\/schema\/logo\/image\/"},"sameAs":["https:\/\/www.facebook.com\/SBHSolutionsOU"]}]}},"_links":{"self":[{"href":"https:\/\/sbh.ee\/en\/wp-json\/wp\/v2\/pages\/2173","targetHints":{"allow":["GET"]}}],"collection":[{"href":"https:\/\/sbh.ee\/en\/wp-json\/wp\/v2\/pages"}],"about":[{"href":"https:\/\/sbh.ee\/en\/wp-json\/wp\/v2\/types\/page"}],"author":[{"embeddable":true,"href":"https:\/\/sbh.ee\/en\/wp-json\/wp\/v2\/users\/3"}],"replies":[{"embeddable":true,"href":"https:\/\/sbh.ee\/en\/wp-json\/wp\/v2\/comments?post=2173"}],"version-history":[{"count":0,"href":"https:\/\/sbh.ee\/en\/wp-json\/wp\/v2\/pages\/2173\/revisions"}],"up":[{"embeddable":true,"href":"https:\/\/sbh.ee\/en\/wp-json\/wp\/v2\/pages\/652"}],"wp:attachment":[{"href":"https:\/\/sbh.ee\/en\/wp-json\/wp\/v2\/media?parent=2173"}],"curies":[{"name":"wp","href":"https:\/\/api.w.org\/{rel}","templated":true}]}}