{"id":2349,"date":"2023-03-31T10:46:23","date_gmt":"2023-03-31T10:46:23","guid":{"rendered":"https:\/\/sbh.ee\/?page_id=2349"},"modified":"2023-07-26T12:28:29","modified_gmt":"2023-07-26T09:28:29","slug":"tark-maja","status":"publish","type":"page","link":"https:\/\/sbh.ee\/en\/kodulahendused\/tark-maja\/","title":{"rendered":"Tark maja"},"content":{"rendered":"<div data-elementor-type=\"wp-page\" data-elementor-id=\"2349\" class=\"elementor elementor-2349\" data-elementor-post-type=\"page\">\n\t\t\t\t\t\t<section class=\"elementor-section elementor-top-section elementor-element elementor-element-18dfec20 elementor-section-boxed elementor-section-height-default elementor-section-height-default\" data-id=\"18dfec20\" data-element_type=\"section\" data-e-type=\"section\">\n\t\t\t\t\t\t<div class=\"elementor-container elementor-column-gap-default\">\n\t\t\t\t\t<div class=\"elementor-column elementor-col-100 elementor-top-column elementor-element elementor-element-34b1f258\" data-id=\"34b1f258\" data-element_type=\"column\" data-e-type=\"column\">\n\t\t\t<div class=\"elementor-widget-wrap elementor-element-populated\">\n\t\t\t\t\t\t<div class=\"elementor-element elementor-element-4ad1a6c3 elementor-widget elementor-widget-text-editor\" data-id=\"4ad1a6c3\" data-element_type=\"widget\" data-e-type=\"widget\" data-widget_type=\"text-editor.default\">\n\t\t\t\t<div class=\"elementor-widget-container\">\n\t\t\t\t\t\t\t\t\t<p><strong>MQTT, IoT, KNX, Dali, Z-Wave, ZigBee &#8211; NodeRed, Home Assistant, Google Home<\/strong> ja paljud teised lahendused.<\/p><p>SBH Solutions pakub t\u00f6\u00f6kindlaid, energias\u00e4\u00e4stlike ja kasutajas\u00f5bralike lahendusi. Pakume nii <span style=\"text-decoration: underline;\">valmis-kasutamiseks<\/span> kui ka<span style=\"text-decoration: underline;\"> t\u00e4iesti nullist ehitatud lahendusi<\/span>. Peamine eesm\u00e4rk on olla oma valdkonnas innovaatiline ja lahendusi loov ettev\u00f5te.<\/p><p>V\u00e4ga suure osana oma t\u00f6\u00f6s loome just lahendusi mis on seotud <strong>sisekliima ja energias\u00e4\u00e4stuga<\/strong>. Olgu selleks siis CO2 p\u00f5hine ventilatsiooni juhtimine koos sissepuhke klappide motoriseerimisega v\u00f5i kogu k\u00fctte juhtimine ja planeerimine vastavalt j\u00e4rgneva 24 tunni ilmaennustusele tehes seda just oma lokaalse ilmajaama baasil.<\/p><p>Kindlasti aga pakume ka valgusjuhtimist, valvet, ukselukke, elektri ruloosid ja kardinaid, sauna juhtimist, b\u00f6rsihinnaga elektriboileri\/elektrik\u00fctte juhtimist ja palju muud. V\u00f5imalused on l\u00f5putud, v\u00f5ta meiega \u00fchendust ja selgitame v\u00e4lja Teie vajadused.\u00a0<\/p>\t\t\t\t\t\t\t\t<\/div>\n\t\t\t\t<\/div>\n\t\t\t\t<div class=\"elementor-element elementor-element-71b7aee elementor-widget elementor-widget-heading\" data-id=\"71b7aee\" data-element_type=\"widget\" data-e-type=\"widget\" data-widget_type=\"heading.default\">\n\t\t\t\t<div class=\"elementor-widget-container\">\n\t\t\t\t\t<h4 class=\"elementor-heading-title elementor-size-default\"><a href=\"https:\/\/sbh.ee\/en\/pood\/\">Valik Targa kodu tooteid meie e-poest<\/a><\/h4>\t\t\t\t<\/div>\n\t\t\t\t<\/div>\n\t\t\t\t<div class=\"elementor-element elementor-element-c8aecd8 elementor-widget elementor-widget-button\" data-id=\"c8aecd8\" data-element_type=\"widget\" data-e-type=\"widget\" data-widget_type=\"button.default\">\n\t\t\t\t<div class=\"elementor-widget-container\">\n\t\t\t\t\t\t\t\t\t<div class=\"elementor-button-wrapper\">\n\t\t\t\t\t<a class=\"elementor-button elementor-button-link elementor-size-sm\" href=\"https:\/\/sbh.ee\/en\/pood\/\">\n\t\t\t\t\t\t<span class=\"elementor-button-content-wrapper\">\n\t\t\t\t\t\t<span class=\"elementor-button-icon\">\n\t\t\t\t<svg aria-hidden=\"true\" class=\"e-font-icon-svg e-fas-angle-double-right\" viewbox=\"0 0 448 512\" xmlns=\"http:\/\/www.w3.org\/2000\/svg\"><path d=\"M224.3 273l-136 136c-9.4 9.4-24.6 9.4-33.9 0l-22.6-22.6c-9.4-9.4-9.4-24.6 0-33.9l96.4-96.4-96.4-96.4c-9.4-9.4-9.4-24.6 0-33.9L54.3 103c9.4-9.4 24.6-9.4 33.9 0l136 136c9.5 9.4 9.5 24.6.1 34zm192-34l-136-136c-9.4-9.4-24.6-9.4-33.9 0l-22.6 22.6c-9.4 9.4-9.4 24.6 0 33.9l96.4 96.4-96.4 96.4c-9.4 9.4-9.4 24.6 0 33.9l22.6 22.6c9.4 9.4 24.6 9.4 33.9 0l136-136c9.4-9.2 9.4-24.4 0-33.8z\"><\/path><\/svg>\t\t\t<\/span>\n\t\t\t\t\t\t\t\t\t<span class=\"elementor-button-text\">E-pood<\/span>\n\t\t\t\t\t<\/span>\n\t\t\t\t\t<\/a>\n\t\t\t\t<\/div>\n\t\t\t\t\t\t\t\t<\/div>\n\t\t\t\t<\/div>\n\t\t\t\t\t<\/div>\n\t\t<\/div>\n\t\t\t\t\t<\/div>\n\t\t<\/section>\n\t\t\t\t<\/div>","protected":false},"excerpt":{"rendered":"<p>MQTT, IoT, KNX, Dali, Z-Wave, ZigBee &#8211; NodeRed, Home Assistant, Google Home ja paljud teised lahendused. SBH Solutions pakub t\u00f6\u00f6kindlaid, energias\u00e4\u00e4stlike ja kasutajas\u00f5bralike lahendusi. Pakume nii valmis-kasutamiseks kui ka t\u00e4iesti nullist ehitatud lahendusi. Peamine eesm\u00e4rk on olla oma valdkonnas innovaatiline ja lahendusi loov ettev\u00f5te. V\u00e4ga suure osana oma t\u00f6\u00f6s loome just lahendusi mis on seotud [&hellip;]<\/p>\n","protected":false},"author":3,"featured_media":0,"parent":1152,"menu_order":0,"comment_status":"closed","ping_status":"closed","template":"","meta":{"_acf_changed":false,"site-sidebar-layout":"default","site-content-layout":"default","ast-site-content-layout":"default","site-content-style":"default","site-sidebar-style":"default","ast-global-header-display":"","ast-banner-title-visibility":"","ast-main-header-display":"","ast-hfb-above-header-display":"","ast-hfb-below-header-display":"","ast-hfb-mobile-header-display":"","site-post-title":"","ast-breadcrumbs-content":"","ast-featured-img":"","footer-sml-layout":"","ast-disable-related-posts":"","theme-transparent-header-meta":"default","adv-header-id-meta":"","stick-header-meta":"","header-above-stick-meta":"","header-main-stick-meta":"","header-below-stick-meta":"","astra-migrate-meta-layouts":"default","ast-page-background-enabled":"default","ast-page-background-meta":{"desktop":{"background-color":"","background-image":"","background-repeat":"repeat","background-position":"center center","background-size":"auto","background-attachment":"scroll","background-type":"","background-media":"","overlay-type":"","overlay-color":"","overlay-opacity":"","overlay-gradient":""},"tablet":{"background-color":"","background-image":"","background-repeat":"repeat","background-position":"center center","background-size":"auto","background-attachment":"scroll","background-type":"","background-media":"","overlay-type":"","overlay-color":"","overlay-opacity":"","overlay-gradient":""},"mobile":{"background-color":"","background-image":"","background-repeat":"repeat","background-position":"center center","background-size":"auto","background-attachment":"scroll","background-type":"","background-media":"","overlay-type":"","overlay-color":"","overlay-opacity":"","overlay-gradient":""}},"ast-content-background-meta":{"desktop":{"background-color":"var(--ast-global-color-5)","background-image":"","background-repeat":"repeat","background-position":"center center","background-size":"auto","background-attachment":"scroll","background-type":"","background-media":"","overlay-type":"","overlay-color":"","overlay-opacity":"","overlay-gradient":""},"tablet":{"background-color":"var(--ast-global-color-5)","background-image":"","background-repeat":"repeat","background-position":"center center","background-size":"auto","background-attachment":"scroll","background-type":"","background-media":"","overlay-type":"","overlay-color":"","overlay-opacity":"","overlay-gradient":""},"mobile":{"background-color":"var(--ast-global-color-5)","background-image":"","background-repeat":"repeat","background-position":"center center","background-size":"auto","background-attachment":"scroll","background-type":"","background-media":"","overlay-type":"","overlay-color":"","overlay-opacity":"","overlay-gradient":""}},"footnotes":""},"class_list":["post-2349","page","type-page","status-publish","hentry"],"acf":[],"yoast_head":"<!-- This site is optimized with the Yoast SEO plugin v27.4 - https:\/\/yoast.com\/product\/yoast-seo-wordpress\/ -->\n<title>Tark maja &#187; SBH Solutions<\/title>\n<meta name=\"description\" content=\"Tark maja - Targa maja lahendused ja komponendid.\" \/>\n<meta name=\"robots\" content=\"index, follow, max-snippet:-1, max-image-preview:large, max-video-preview:-1\" \/>\n<link rel=\"canonical\" href=\"https:\/\/sbh.ee\/en\/kodulahendused\/tark-maja\/\" \/>\n<meta property=\"og:locale\" content=\"en_US\" \/>\n<meta property=\"og:type\" content=\"article\" \/>\n<meta property=\"og:title\" content=\"Tark maja &#187; SBH Solutions\" \/>\n<meta property=\"og:description\" content=\"Tark maja - Targa maja lahendused ja komponendid.\" \/>\n<meta property=\"og:url\" content=\"https:\/\/sbh.ee\/en\/kodulahendused\/tark-maja\/\" \/>\n<meta property=\"og:site_name\" content=\"SBH Solutions\" \/>\n<meta property=\"article:publisher\" content=\"https:\/\/www.facebook.com\/SBHSolutionsOU\" \/>\n<meta property=\"article:modified_time\" content=\"2023-07-26T09:28:29+00:00\" \/>\n<meta property=\"og:image\" content=\"https:\/\/sbh.ee\/wp-content\/uploads\/2020\/01\/SBH-SOLUTIONS_logo.png\" \/>\n\t<meta property=\"og:image:width\" content=\"851\" \/>\n\t<meta property=\"og:image:height\" content=\"230\" \/>\n\t<meta property=\"og:image:type\" content=\"image\/png\" \/>\n<meta name=\"twitter:card\" content=\"summary_large_image\" \/>\n<meta name=\"twitter:label1\" content=\"Est. reading time\" \/>\n\t<meta name=\"twitter:data1\" content=\"1 minute\" \/>\n<script type=\"application\/ld+json\" class=\"yoast-schema-graph\">{\"@context\":\"https:\\\/\\\/schema.org\",\"@graph\":[{\"@type\":\"WebPage\",\"@id\":\"https:\\\/\\\/sbh.ee\\\/kodulahendused\\\/tark-maja\\\/\",\"url\":\"https:\\\/\\\/sbh.ee\\\/kodulahendused\\\/tark-maja\\\/\",\"name\":\"Tark maja &#187; SBH Solutions\",\"isPartOf\":{\"@id\":\"https:\\\/\\\/sbh.ee\\\/#website\"},\"datePublished\":\"2023-03-31T10:46:23+00:00\",\"dateModified\":\"2023-07-26T09:28:29+00:00\",\"description\":\"Tark maja - Targa maja lahendused ja komponendid.\",\"breadcrumb\":{\"@id\":\"https:\\\/\\\/sbh.ee\\\/kodulahendused\\\/tark-maja\\\/#breadcrumb\"},\"inLanguage\":\"en-US\",\"potentialAction\":[{\"@type\":\"ReadAction\",\"target\":[\"https:\\\/\\\/sbh.ee\\\/kodulahendused\\\/tark-maja\\\/\"]}]},{\"@type\":\"BreadcrumbList\",\"@id\":\"https:\\\/\\\/sbh.ee\\\/kodulahendused\\\/tark-maja\\\/#breadcrumb\",\"itemListElement\":[{\"@type\":\"ListItem\",\"position\":1,\"name\":\"Esileht\",\"item\":\"https:\\\/\\\/sbh.ee\\\/\"},{\"@type\":\"ListItem\",\"position\":2,\"name\":\"Kodulahendused\",\"item\":\"https:\\\/\\\/sbh.ee\\\/kodulahendused\\\/\"},{\"@type\":\"ListItem\",\"position\":3,\"name\":\"Tark maja\"}]},{\"@type\":\"WebSite\",\"@id\":\"https:\\\/\\\/sbh.ee\\\/#website\",\"url\":\"https:\\\/\\\/sbh.ee\\\/\",\"name\":\"SBH Solutions O\u00dc\",\"description\":\"Elektrit\u00f6\u00f6d ja tark kodu\",\"publisher\":{\"@id\":\"https:\\\/\\\/sbh.ee\\\/#organization\"},\"potentialAction\":[{\"@type\":\"SearchAction\",\"target\":{\"@type\":\"EntryPoint\",\"urlTemplate\":\"https:\\\/\\\/sbh.ee\\\/?s={search_term_string}\"},\"query-input\":{\"@type\":\"PropertyValueSpecification\",\"valueRequired\":true,\"valueName\":\"search_term_string\"}}],\"inLanguage\":\"en-US\"},{\"@type\":\"Organization\",\"@id\":\"https:\\\/\\\/sbh.ee\\\/#organization\",\"name\":\"SBH Solutions O\u00dc\",\"url\":\"https:\\\/\\\/sbh.ee\\\/\",\"logo\":{\"@type\":\"ImageObject\",\"inLanguage\":\"en-US\",\"@id\":\"https:\\\/\\\/sbh.ee\\\/#\\\/schema\\\/logo\\\/image\\\/\",\"url\":\"https:\\\/\\\/sbh.ee\\\/wp-content\\\/uploads\\\/2020\\\/01\\\/cropped-SBH-SOLUTIONS_logo.png\",\"contentUrl\":\"https:\\\/\\\/sbh.ee\\\/wp-content\\\/uploads\\\/2020\\\/01\\\/cropped-SBH-SOLUTIONS_logo.png\",\"width\":851,\"height\":230,\"caption\":\"SBH Solutions O\u00dc\"},\"image\":{\"@id\":\"https:\\\/\\\/sbh.ee\\\/#\\\/schema\\\/logo\\\/image\\\/\"},\"sameAs\":[\"https:\\\/\\\/www.facebook.com\\\/SBHSolutionsOU\"]}]}<\/script>\n<!-- \/ Yoast SEO plugin. -->","yoast_head_json":{"title":"Tark maja &#187; SBH Solutions","description":"Tark maja - Targa maja lahendused ja komponendid.","robots":{"index":"index","follow":"follow","max-snippet":"max-snippet:-1","max-image-preview":"max-image-preview:large","max-video-preview":"max-video-preview:-1"},"canonical":"https:\/\/sbh.ee\/en\/kodulahendused\/tark-maja\/","og_locale":"en_US","og_type":"article","og_title":"Tark maja &#187; SBH Solutions","og_description":"Tark maja - Targa maja lahendused ja komponendid.","og_url":"https:\/\/sbh.ee\/en\/kodulahendused\/tark-maja\/","og_site_name":"SBH Solutions","article_publisher":"https:\/\/www.facebook.com\/SBHSolutionsOU","article_modified_time":"2023-07-26T09:28:29+00:00","og_image":[{"width":851,"height":230,"url":"https:\/\/sbh.ee\/wp-content\/uploads\/2020\/01\/SBH-SOLUTIONS_logo.png","type":"image\/png"}],"twitter_card":"summary_large_image","twitter_misc":{"Est. reading time":"1 minute"},"schema":{"@context":"https:\/\/schema.org","@graph":[{"@type":"WebPage","@id":"https:\/\/sbh.ee\/kodulahendused\/tark-maja\/","url":"https:\/\/sbh.ee\/kodulahendused\/tark-maja\/","name":"Tark maja &#187; SBH Solutions","isPartOf":{"@id":"https:\/\/sbh.ee\/#website"},"datePublished":"2023-03-31T10:46:23+00:00","dateModified":"2023-07-26T09:28:29+00:00","description":"Tark maja - Targa maja lahendused ja komponendid.","breadcrumb":{"@id":"https:\/\/sbh.ee\/kodulahendused\/tark-maja\/#breadcrumb"},"inLanguage":"en-US","potentialAction":[{"@type":"ReadAction","target":["https:\/\/sbh.ee\/kodulahendused\/tark-maja\/"]}]},{"@type":"BreadcrumbList","@id":"https:\/\/sbh.ee\/kodulahendused\/tark-maja\/#breadcrumb","itemListElement":[{"@type":"ListItem","position":1,"name":"Esileht","item":"https:\/\/sbh.ee\/"},{"@type":"ListItem","position":2,"name":"Kodulahendused","item":"https:\/\/sbh.ee\/kodulahendused\/"},{"@type":"ListItem","position":3,"name":"Tark maja"}]},{"@type":"WebSite","@id":"https:\/\/sbh.ee\/#website","url":"https:\/\/sbh.ee\/","name":"SBH Solutions O\u00dc","description":"Elektrit\u00f6\u00f6d ja tark kodu","publisher":{"@id":"https:\/\/sbh.ee\/#organization"},"potentialAction":[{"@type":"SearchAction","target":{"@type":"EntryPoint","urlTemplate":"https:\/\/sbh.ee\/?s={search_term_string}"},"query-input":{"@type":"PropertyValueSpecification","valueRequired":true,"valueName":"search_term_string"}}],"inLanguage":"en-US"},{"@type":"Organization","@id":"https:\/\/sbh.ee\/#organization","name":"SBH Solutions O\u00dc","url":"https:\/\/sbh.ee\/","logo":{"@type":"ImageObject","inLanguage":"en-US","@id":"https:\/\/sbh.ee\/#\/schema\/logo\/image\/","url":"https:\/\/sbh.ee\/wp-content\/uploads\/2020\/01\/cropped-SBH-SOLUTIONS_logo.png","contentUrl":"https:\/\/sbh.ee\/wp-content\/uploads\/2020\/01\/cropped-SBH-SOLUTIONS_logo.png","width":851,"height":230,"caption":"SBH Solutions O\u00dc"},"image":{"@id":"https:\/\/sbh.ee\/#\/schema\/logo\/image\/"},"sameAs":["https:\/\/www.facebook.com\/SBHSolutionsOU"]}]}},"_links":{"self":[{"href":"https:\/\/sbh.ee\/en\/wp-json\/wp\/v2\/pages\/2349","targetHints":{"allow":["GET"]}}],"collection":[{"href":"https:\/\/sbh.ee\/en\/wp-json\/wp\/v2\/pages"}],"about":[{"href":"https:\/\/sbh.ee\/en\/wp-json\/wp\/v2\/types\/page"}],"author":[{"embeddable":true,"href":"https:\/\/sbh.ee\/en\/wp-json\/wp\/v2\/users\/3"}],"replies":[{"embeddable":true,"href":"https:\/\/sbh.ee\/en\/wp-json\/wp\/v2\/comments?post=2349"}],"version-history":[{"count":0,"href":"https:\/\/sbh.ee\/en\/wp-json\/wp\/v2\/pages\/2349\/revisions"}],"up":[{"embeddable":true,"href":"https:\/\/sbh.ee\/en\/wp-json\/wp\/v2\/pages\/1152"}],"wp:attachment":[{"href":"https:\/\/sbh.ee\/en\/wp-json\/wp\/v2\/media?parent=2349"}],"curies":[{"name":"wp","href":"https:\/\/api.w.org\/{rel}","templated":true}]}}