{"id":2363,"date":"2023-03-31T10:54:13","date_gmt":"2023-03-31T10:54:13","guid":{"rendered":"https:\/\/sbh.ee\/?page_id=2363"},"modified":"2025-01-22T11:51:51","modified_gmt":"2025-01-22T08:51:51","slug":"meist","status":"publish","type":"page","link":"https:\/\/sbh.ee\/en\/meist\/","title":{"rendered":"About us"},"content":{"rendered":"<div data-elementor-type=\"wp-page\" data-elementor-id=\"2363\" class=\"elementor elementor-2363\" data-elementor-post-type=\"page\">\n\t\t\t\t\t\t<section class=\"elementor-section elementor-top-section elementor-element elementor-element-ca9a8a1 elementor-section-boxed elementor-section-height-default elementor-section-height-default\" data-id=\"ca9a8a1\" data-element_type=\"section\" data-e-type=\"section\">\n\t\t\t\t\t\t<div class=\"elementor-container elementor-column-gap-default\">\n\t\t\t\t\t<div class=\"elementor-column elementor-col-100 elementor-top-column elementor-element elementor-element-4960886\" data-id=\"4960886\" data-element_type=\"column\" data-e-type=\"column\">\n\t\t\t<div class=\"elementor-widget-wrap elementor-element-populated\">\n\t\t\t\t\t\t<div class=\"elementor-element elementor-element-6582e9e elementor-widget elementor-widget-text-editor\" data-id=\"6582e9e\" data-element_type=\"widget\" data-e-type=\"widget\" data-widget_type=\"text-editor.default\">\n\t\t\t\t<div class=\"elementor-widget-container\">\n\t\t\t\t\t\t\t\t\t<p>SBH Solutions O\u00dc on aastast 2017 tegutsev stabiilselt ja kiirelt arenev ettev\u00f5te, kes tegeleb Eestis ja Rootsis elektri-ja n\u00f5rkvoolut\u00f6\u00f6de, hooneautomaatika ja targa maja lahendustega. Suurimad projektid,mis v\u00e4\u00e4rivad m\u00e4rkimist, on<\/p><ul><li>Tallinnas <strong>Studioworks O\u00dc kontor ja stuudio, European Experience Centre elamuskeskus, Cinamon T1 keskus<\/strong><\/li><li>Soomes <strong>Cinamon Tripla Pasila keskus, Cinamon Redi keskus<\/strong><\/li><li>L\u00e4tis <strong>Cinamon Alfa keskus<\/strong><\/li><li>Rootsis <strong>Lidl\u2019i poed<\/strong><\/li><\/ul><p>Meie meeskonda iseloomustab edasip\u00fc\u00fcdlikkus, uuendusmeelsus ja p\u00fchendumus, v\u00e4\u00e4rtustame pidevat ja j\u00e4tkusuutlikku arengut. Meie personal on koolitatud ja vajaliku kutseharidusega, mis tagab kvaliteetse tulemuse. T\u00f6\u00f6de tegemisel j\u00e4rgime Eesti Vabariigis kehtivaid norme ja n\u00f5udeid.<\/p>\t\t\t\t\t\t\t\t<\/div>\n\t\t\t\t<\/div>\n\t\t\t\t\t<\/div>\n\t\t<\/div>\n\t\t\t\t\t<\/div>\n\t\t<\/section>\n\t\t\t\t<section class=\"elementor-section elementor-top-section elementor-element elementor-element-ed72a71 elementor-section-boxed elementor-section-height-default elementor-section-height-default\" data-id=\"ed72a71\" data-element_type=\"section\" data-e-type=\"section\">\n\t\t\t\t\t\t<div class=\"elementor-container elementor-column-gap-default\">\n\t\t\t\t\t<div class=\"elementor-column elementor-col-100 elementor-top-column elementor-element elementor-element-803cec1\" data-id=\"803cec1\" data-element_type=\"column\" data-e-type=\"column\">\n\t\t\t<div class=\"elementor-widget-wrap elementor-element-populated\">\n\t\t\t\t\t\t<div class=\"elementor-element elementor-element-13d201d elementor-widget elementor-widget-button\" data-id=\"13d201d\" data-element_type=\"widget\" data-e-type=\"widget\" data-widget_type=\"button.default\">\n\t\t\t\t<div class=\"elementor-widget-container\">\n\t\t\t\t\t\t\t\t\t<div class=\"elementor-button-wrapper\">\n\t\t\t\t\t<a class=\"elementor-button elementor-button-link elementor-size-sm\" href=\"https:\/\/sbh.ee\/en\/kontakt\/\">\n\t\t\t\t\t\t<span class=\"elementor-button-content-wrapper\">\n\t\t\t\t\t\t<span class=\"elementor-button-icon\">\n\t\t\t\t<svg aria-hidden=\"true\" class=\"e-font-icon-svg e-fas-angle-double-right\" viewbox=\"0 0 448 512\" xmlns=\"http:\/\/www.w3.org\/2000\/svg\"><path d=\"M224.3 273l-136 136c-9.4 9.4-24.6 9.4-33.9 0l-22.6-22.6c-9.4-9.4-9.4-24.6 0-33.9l96.4-96.4-96.4-96.4c-9.4-9.4-9.4-24.6 0-33.9L54.3 103c9.4-9.4 24.6-9.4 33.9 0l136 136c9.5 9.4 9.5 24.6.1 34zm192-34l-136-136c-9.4-9.4-24.6-9.4-33.9 0l-22.6 22.6c-9.4 9.4-9.4 24.6 0 33.9l96.4 96.4-96.4 96.4c-9.4 9.4-9.4 24.6 0 33.9l22.6 22.6c9.4 9.4 24.6 9.4 33.9 0l136-136c9.4-9.2 9.4-24.4 0-33.8z\"><\/path><\/svg>\t\t\t<\/span>\n\t\t\t\t\t\t\t\t\t<span class=\"elementor-button-text\">Contact<\/span>\n\t\t\t\t\t<\/span>\n\t\t\t\t\t<\/a>\n\t\t\t\t<\/div>\n\t\t\t\t\t\t\t\t<\/div>\n\t\t\t\t<\/div>\n\t\t\t\t\t<\/div>\n\t\t<\/div>\n\t\t\t\t\t<\/div>\n\t\t<\/section>\n\t\t\t\t<\/div>","protected":false},"excerpt":{"rendered":"<p>SBH Solutions O\u00dc on aastast 2017 tegutsev stabiilselt ja kiirelt arenev ettev\u00f5te, kes tegeleb Eestis ja Rootsis elektri-ja n\u00f5rkvoolut\u00f6\u00f6de, hooneautomaatika ja targa maja lahendustega. Suurimad projektid,mis v\u00e4\u00e4rivad m\u00e4rkimist, on Tallinnas Studioworks O\u00dc kontor ja stuudio, European Experience Centre elamuskeskus, Cinamon T1 keskus Soomes Cinamon Tripla Pasila keskus, Cinamon Redi keskus L\u00e4tis Cinamon Alfa keskus Rootsis [&hellip;]<\/p>\n","protected":false},"author":3,"featured_media":0,"parent":0,"menu_order":0,"comment_status":"closed","ping_status":"closed","template":"","meta":{"_acf_changed":false,"site-sidebar-layout":"no-sidebar","site-content-layout":"page-builder","ast-site-content-layout":"default","site-content-style":"default","site-sidebar-style":"default","ast-global-header-display":"","ast-banner-title-visibility":"","ast-main-header-display":"","ast-hfb-above-header-display":"","ast-hfb-below-header-display":"","ast-hfb-mobile-header-display":"","site-post-title":"disabled","ast-breadcrumbs-content":"","ast-featured-img":"disabled","footer-sml-layout":"","ast-disable-related-posts":"","theme-transparent-header-meta":"default","adv-header-id-meta":"","stick-header-meta":"","header-above-stick-meta":"","header-main-stick-meta":"","header-below-stick-meta":"","astra-migrate-meta-layouts":"default","ast-page-background-enabled":"default","ast-page-background-meta":{"desktop":{"background-color":"","background-image":"","background-repeat":"repeat","background-position":"center center","background-size":"auto","background-attachment":"scroll","background-type":"","background-media":"","overlay-type":"","overlay-color":"","overlay-opacity":"","overlay-gradient":""},"tablet":{"background-color":"","background-image":"","background-repeat":"repeat","background-position":"center center","background-size":"auto","background-attachment":"scroll","background-type":"","background-media":"","overlay-type":"","overlay-color":"","overlay-opacity":"","overlay-gradient":""},"mobile":{"background-color":"","background-image":"","background-repeat":"repeat","background-position":"center center","background-size":"auto","background-attachment":"scroll","background-type":"","background-media":"","overlay-type":"","overlay-color":"","overlay-opacity":"","overlay-gradient":""}},"ast-content-background-meta":{"desktop":{"background-color":"var(--ast-global-color-5)","background-image":"","background-repeat":"repeat","background-position":"center center","background-size":"auto","background-attachment":"scroll","background-type":"","background-media":"","overlay-type":"","overlay-color":"","overlay-opacity":"","overlay-gradient":""},"tablet":{"background-color":"var(--ast-global-color-5)","background-image":"","background-repeat":"repeat","background-position":"center center","background-size":"auto","background-attachment":"scroll","background-type":"","background-media":"","overlay-type":"","overlay-color":"","overlay-opacity":"","overlay-gradient":""},"mobile":{"background-color":"var(--ast-global-color-5)","background-image":"","background-repeat":"repeat","background-position":"center center","background-size":"auto","background-attachment":"scroll","background-type":"","background-media":"","overlay-type":"","overlay-color":"","overlay-opacity":"","overlay-gradient":""}},"footnotes":""},"class_list":["post-2363","page","type-page","status-publish","hentry"],"acf":[],"yoast_head":"<!-- This site is optimized with the Yoast SEO plugin v27.4 - https:\/\/yoast.com\/product\/yoast-seo-wordpress\/ -->\n<title>Meist &#187; SBH Solutions<\/title>\n<meta name=\"description\" content=\"SBH Solutions O\u00dc kiirelt arenev ettev\u00f5te, kes tegeleb elektri-ja n\u00f5rkvoolut\u00f6\u00f6de, hooneautomaatika, targa maja lahendustega.\" \/>\n<meta name=\"robots\" content=\"index, follow, max-snippet:-1, max-image-preview:large, max-video-preview:-1\" \/>\n<link rel=\"canonical\" href=\"https:\/\/sbh.ee\/en\/meist\/\" \/>\n<meta property=\"og:locale\" content=\"en_US\" \/>\n<meta property=\"og:type\" content=\"article\" \/>\n<meta property=\"og:title\" content=\"Meist &#187; SBH Solutions\" \/>\n<meta property=\"og:description\" content=\"SBH Solutions O\u00dc kiirelt arenev ettev\u00f5te, kes tegeleb elektri-ja n\u00f5rkvoolut\u00f6\u00f6de, hooneautomaatika, targa maja lahendustega.\" \/>\n<meta property=\"og:url\" content=\"https:\/\/sbh.ee\/en\/meist\/\" \/>\n<meta property=\"og:site_name\" content=\"SBH Solutions\" \/>\n<meta property=\"article:publisher\" content=\"https:\/\/www.facebook.com\/SBHSolutionsOU\" \/>\n<meta property=\"article:modified_time\" content=\"2025-01-22T08:51:51+00:00\" \/>\n<meta property=\"og:image\" content=\"https:\/\/sbh.ee\/wp-content\/uploads\/2020\/01\/SBH-SOLUTIONS_logo.png\" \/>\n\t<meta property=\"og:image:width\" content=\"851\" \/>\n\t<meta property=\"og:image:height\" content=\"230\" \/>\n\t<meta property=\"og:image:type\" content=\"image\/png\" \/>\n<meta name=\"twitter:card\" content=\"summary_large_image\" \/>\n<meta name=\"twitter:label1\" content=\"Est. reading time\" \/>\n\t<meta name=\"twitter:data1\" content=\"1 minute\" \/>\n<script type=\"application\/ld+json\" class=\"yoast-schema-graph\">{\"@context\":\"https:\\\/\\\/schema.org\",\"@graph\":[{\"@type\":\"WebPage\",\"@id\":\"https:\\\/\\\/sbh.ee\\\/meist\\\/\",\"url\":\"https:\\\/\\\/sbh.ee\\\/meist\\\/\",\"name\":\"Meist &#187; SBH Solutions\",\"isPartOf\":{\"@id\":\"https:\\\/\\\/sbh.ee\\\/#website\"},\"datePublished\":\"2023-03-31T10:54:13+00:00\",\"dateModified\":\"2025-01-22T08:51:51+00:00\",\"description\":\"SBH Solutions O\u00dc kiirelt arenev ettev\u00f5te, kes tegeleb elektri-ja n\u00f5rkvoolut\u00f6\u00f6de, hooneautomaatika, targa maja lahendustega.\",\"breadcrumb\":{\"@id\":\"https:\\\/\\\/sbh.ee\\\/meist\\\/#breadcrumb\"},\"inLanguage\":\"en-US\",\"potentialAction\":[{\"@type\":\"ReadAction\",\"target\":[\"https:\\\/\\\/sbh.ee\\\/meist\\\/\"]}]},{\"@type\":\"BreadcrumbList\",\"@id\":\"https:\\\/\\\/sbh.ee\\\/meist\\\/#breadcrumb\",\"itemListElement\":[{\"@type\":\"ListItem\",\"position\":1,\"name\":\"Esileht\",\"item\":\"https:\\\/\\\/sbh.ee\\\/\"},{\"@type\":\"ListItem\",\"position\":2,\"name\":\"Meist\"}]},{\"@type\":\"WebSite\",\"@id\":\"https:\\\/\\\/sbh.ee\\\/#website\",\"url\":\"https:\\\/\\\/sbh.ee\\\/\",\"name\":\"SBH Solutions O\u00dc\",\"description\":\"Elektrit\u00f6\u00f6d ja tark kodu\",\"publisher\":{\"@id\":\"https:\\\/\\\/sbh.ee\\\/#organization\"},\"potentialAction\":[{\"@type\":\"SearchAction\",\"target\":{\"@type\":\"EntryPoint\",\"urlTemplate\":\"https:\\\/\\\/sbh.ee\\\/?s={search_term_string}\"},\"query-input\":{\"@type\":\"PropertyValueSpecification\",\"valueRequired\":true,\"valueName\":\"search_term_string\"}}],\"inLanguage\":\"en-US\"},{\"@type\":\"Organization\",\"@id\":\"https:\\\/\\\/sbh.ee\\\/#organization\",\"name\":\"SBH Solutions O\u00dc\",\"url\":\"https:\\\/\\\/sbh.ee\\\/\",\"logo\":{\"@type\":\"ImageObject\",\"inLanguage\":\"en-US\",\"@id\":\"https:\\\/\\\/sbh.ee\\\/#\\\/schema\\\/logo\\\/image\\\/\",\"url\":\"https:\\\/\\\/sbh.ee\\\/wp-content\\\/uploads\\\/2020\\\/01\\\/cropped-SBH-SOLUTIONS_logo.png\",\"contentUrl\":\"https:\\\/\\\/sbh.ee\\\/wp-content\\\/uploads\\\/2020\\\/01\\\/cropped-SBH-SOLUTIONS_logo.png\",\"width\":851,\"height\":230,\"caption\":\"SBH Solutions O\u00dc\"},\"image\":{\"@id\":\"https:\\\/\\\/sbh.ee\\\/#\\\/schema\\\/logo\\\/image\\\/\"},\"sameAs\":[\"https:\\\/\\\/www.facebook.com\\\/SBHSolutionsOU\"]}]}<\/script>\n<!-- \/ Yoast SEO plugin. -->","yoast_head_json":{"title":"Meist &#187; SBH Solutions","description":"SBH Solutions O\u00dc kiirelt arenev ettev\u00f5te, kes tegeleb elektri-ja n\u00f5rkvoolut\u00f6\u00f6de, hooneautomaatika, targa maja lahendustega.","robots":{"index":"index","follow":"follow","max-snippet":"max-snippet:-1","max-image-preview":"max-image-preview:large","max-video-preview":"max-video-preview:-1"},"canonical":"https:\/\/sbh.ee\/en\/meist\/","og_locale":"en_US","og_type":"article","og_title":"Meist &#187; SBH Solutions","og_description":"SBH Solutions O\u00dc kiirelt arenev ettev\u00f5te, kes tegeleb elektri-ja n\u00f5rkvoolut\u00f6\u00f6de, hooneautomaatika, targa maja lahendustega.","og_url":"https:\/\/sbh.ee\/en\/meist\/","og_site_name":"SBH Solutions","article_publisher":"https:\/\/www.facebook.com\/SBHSolutionsOU","article_modified_time":"2025-01-22T08:51:51+00:00","og_image":[{"width":851,"height":230,"url":"https:\/\/sbh.ee\/wp-content\/uploads\/2020\/01\/SBH-SOLUTIONS_logo.png","type":"image\/png"}],"twitter_card":"summary_large_image","twitter_misc":{"Est. reading time":"1 minute"},"schema":{"@context":"https:\/\/schema.org","@graph":[{"@type":"WebPage","@id":"https:\/\/sbh.ee\/meist\/","url":"https:\/\/sbh.ee\/meist\/","name":"Meist &#187; SBH Solutions","isPartOf":{"@id":"https:\/\/sbh.ee\/#website"},"datePublished":"2023-03-31T10:54:13+00:00","dateModified":"2025-01-22T08:51:51+00:00","description":"SBH Solutions O\u00dc kiirelt arenev ettev\u00f5te, kes tegeleb elektri-ja n\u00f5rkvoolut\u00f6\u00f6de, hooneautomaatika, targa maja lahendustega.","breadcrumb":{"@id":"https:\/\/sbh.ee\/meist\/#breadcrumb"},"inLanguage":"en-US","potentialAction":[{"@type":"ReadAction","target":["https:\/\/sbh.ee\/meist\/"]}]},{"@type":"BreadcrumbList","@id":"https:\/\/sbh.ee\/meist\/#breadcrumb","itemListElement":[{"@type":"ListItem","position":1,"name":"Esileht","item":"https:\/\/sbh.ee\/"},{"@type":"ListItem","position":2,"name":"Meist"}]},{"@type":"WebSite","@id":"https:\/\/sbh.ee\/#website","url":"https:\/\/sbh.ee\/","name":"SBH Solutions O\u00dc","description":"Elektrit\u00f6\u00f6d ja tark kodu","publisher":{"@id":"https:\/\/sbh.ee\/#organization"},"potentialAction":[{"@type":"SearchAction","target":{"@type":"EntryPoint","urlTemplate":"https:\/\/sbh.ee\/?s={search_term_string}"},"query-input":{"@type":"PropertyValueSpecification","valueRequired":true,"valueName":"search_term_string"}}],"inLanguage":"en-US"},{"@type":"Organization","@id":"https:\/\/sbh.ee\/#organization","name":"SBH Solutions O\u00dc","url":"https:\/\/sbh.ee\/","logo":{"@type":"ImageObject","inLanguage":"en-US","@id":"https:\/\/sbh.ee\/#\/schema\/logo\/image\/","url":"https:\/\/sbh.ee\/wp-content\/uploads\/2020\/01\/cropped-SBH-SOLUTIONS_logo.png","contentUrl":"https:\/\/sbh.ee\/wp-content\/uploads\/2020\/01\/cropped-SBH-SOLUTIONS_logo.png","width":851,"height":230,"caption":"SBH Solutions O\u00dc"},"image":{"@id":"https:\/\/sbh.ee\/#\/schema\/logo\/image\/"},"sameAs":["https:\/\/www.facebook.com\/SBHSolutionsOU"]}]}},"_links":{"self":[{"href":"https:\/\/sbh.ee\/en\/wp-json\/wp\/v2\/pages\/2363","targetHints":{"allow":["GET"]}}],"collection":[{"href":"https:\/\/sbh.ee\/en\/wp-json\/wp\/v2\/pages"}],"about":[{"href":"https:\/\/sbh.ee\/en\/wp-json\/wp\/v2\/types\/page"}],"author":[{"embeddable":true,"href":"https:\/\/sbh.ee\/en\/wp-json\/wp\/v2\/users\/3"}],"replies":[{"embeddable":true,"href":"https:\/\/sbh.ee\/en\/wp-json\/wp\/v2\/comments?post=2363"}],"version-history":[{"count":0,"href":"https:\/\/sbh.ee\/en\/wp-json\/wp\/v2\/pages\/2363\/revisions"}],"wp:attachment":[{"href":"https:\/\/sbh.ee\/en\/wp-json\/wp\/v2\/media?parent=2363"}],"curies":[{"name":"wp","href":"https:\/\/api.w.org\/{rel}","templated":true}]}}