{"id":2429,"date":"2023-04-04T06:06:09","date_gmt":"2023-04-04T06:06:09","guid":{"rendered":"https:\/\/sbh.ee\/?page_id=2429"},"modified":"2023-07-26T12:24:57","modified_gmt":"2023-07-26T09:24:57","slug":"taastuvenergia","status":"publish","type":"page","link":"https:\/\/sbh.ee\/en\/kodulahendused\/taastuvenergia\/","title":{"rendered":"Renewable energy"},"content":{"rendered":"<div data-elementor-type=\"wp-page\" data-elementor-id=\"2429\" class=\"elementor elementor-2429\" data-elementor-post-type=\"page\">\n\t\t\t\t\t\t<section class=\"elementor-section elementor-top-section elementor-element elementor-element-28aee46f elementor-section-boxed elementor-section-height-default elementor-section-height-default\" data-id=\"28aee46f\" data-element_type=\"section\" data-e-type=\"section\">\n\t\t\t\t\t\t<div class=\"elementor-container elementor-column-gap-default\">\n\t\t\t\t\t<div class=\"elementor-column elementor-col-100 elementor-top-column elementor-element elementor-element-796bc5a5\" data-id=\"796bc5a5\" data-element_type=\"column\" data-e-type=\"column\">\n\t\t\t<div class=\"elementor-widget-wrap elementor-element-populated\">\n\t\t\t\t\t\t<div class=\"elementor-element elementor-element-62ca2cf0 elementor-widget elementor-widget-text-editor\" data-id=\"62ca2cf0\" data-element_type=\"widget\" data-e-type=\"widget\" data-widget_type=\"text-editor.default\">\n\t\t\t\t<div class=\"elementor-widget-container\">\n\t\t\t\t\t\t\t\t\t<p>Energias\u00e4\u00e4stlikkuse suurendamiseks kasutame paljudes projektides p\u00e4ikesepaneelide, akupankade ja h\u00fcbriid inverterite kooslust. Meie eesm\u00e4rk ei ole ehitada lihtsalt p\u00e4ikeseparke, vaid pigem <strong>aidata klientidel oma kodud muuta energiat\u00f5husamaks<\/strong>, <strong>s\u00e4\u00e4stlikumaks ning mugavamaks<\/strong>.<\/p><p>Pakume erinevaid lahendusi <span style=\"text-decoration: underline;\">vastavalt erinevatele eesm\u00e4rkidele<\/span> \u2013 <strong>elad kehva elektrikvaliteediga v\u00f5i \u00fcldse liitumisv\u00f5imalusteta kohas?<\/strong> <span style=\"text-decoration: underline;\">P\u00e4ikesepaneelid, v\u00e4iksem akupank ja inverter<\/span>, pikemate katkestuste v\u00f5i v\u00f5rgu\u00fchenduse puudumise korral ka v\u00e4ike bensiini- v\u00f5i diisligeneraator.<\/p><p>Turvalisuse aspektist vaadatuna v\u00e4ike akujaam, mis hoiab elus k\u00f5ik elut\u00e4htsad s\u00fcsteemid \u2013 kaameravalve, koduautomaatika jms.<\/p>\t\t\t\t\t\t\t\t<\/div>\n\t\t\t\t<\/div>\n\t\t\t\t\t<\/div>\n\t\t<\/div>\n\t\t\t\t\t<\/div>\n\t\t<\/section>\n\t\t\t\t<\/div>","protected":false},"excerpt":{"rendered":"<p>Energias\u00e4\u00e4stlikkuse suurendamiseks kasutame paljudes projektides p\u00e4ikesepaneelide, akupankade ja h\u00fcbriid inverterite kooslust. Meie eesm\u00e4rk ei ole ehitada lihtsalt p\u00e4ikeseparke, vaid pigem aidata klientidel oma kodud muuta energiat\u00f5husamaks, s\u00e4\u00e4stlikumaks ning mugavamaks. Pakume erinevaid lahendusi vastavalt erinevatele eesm\u00e4rkidele \u2013 elad kehva elektrikvaliteediga v\u00f5i \u00fcldse liitumisv\u00f5imalusteta kohas? P\u00e4ikesepaneelid, v\u00e4iksem akupank ja inverter, pikemate katkestuste v\u00f5i v\u00f5rgu\u00fchenduse puudumise korral ka [&hellip;]<\/p>\n","protected":false},"author":3,"featured_media":0,"parent":1152,"menu_order":0,"comment_status":"closed","ping_status":"closed","template":"","meta":{"_acf_changed":false,"site-sidebar-layout":"default","site-content-layout":"default","ast-site-content-layout":"default","site-content-style":"default","site-sidebar-style":"default","ast-global-header-display":"","ast-banner-title-visibility":"","ast-main-header-display":"","ast-hfb-above-header-display":"","ast-hfb-below-header-display":"","ast-hfb-mobile-header-display":"","site-post-title":"","ast-breadcrumbs-content":"","ast-featured-img":"","footer-sml-layout":"","ast-disable-related-posts":"","theme-transparent-header-meta":"default","adv-header-id-meta":"","stick-header-meta":"","header-above-stick-meta":"","header-main-stick-meta":"","header-below-stick-meta":"","astra-migrate-meta-layouts":"default","ast-page-background-enabled":"default","ast-page-background-meta":{"desktop":{"background-color":"","background-image":"","background-repeat":"repeat","background-position":"center center","background-size":"auto","background-attachment":"scroll","background-type":"","background-media":"","overlay-type":"","overlay-color":"","overlay-opacity":"","overlay-gradient":""},"tablet":{"background-color":"","background-image":"","background-repeat":"repeat","background-position":"center center","background-size":"auto","background-attachment":"scroll","background-type":"","background-media":"","overlay-type":"","overlay-color":"","overlay-opacity":"","overlay-gradient":""},"mobile":{"background-color":"","background-image":"","background-repeat":"repeat","background-position":"center center","background-size":"auto","background-attachment":"scroll","background-type":"","background-media":"","overlay-type":"","overlay-color":"","overlay-opacity":"","overlay-gradient":""}},"ast-content-background-meta":{"desktop":{"background-color":"var(--ast-global-color-5)","background-image":"","background-repeat":"repeat","background-position":"center center","background-size":"auto","background-attachment":"scroll","background-type":"","background-media":"","overlay-type":"","overlay-color":"","overlay-opacity":"","overlay-gradient":""},"tablet":{"background-color":"var(--ast-global-color-5)","background-image":"","background-repeat":"repeat","background-position":"center center","background-size":"auto","background-attachment":"scroll","background-type":"","background-media":"","overlay-type":"","overlay-color":"","overlay-opacity":"","overlay-gradient":""},"mobile":{"background-color":"var(--ast-global-color-5)","background-image":"","background-repeat":"repeat","background-position":"center center","background-size":"auto","background-attachment":"scroll","background-type":"","background-media":"","overlay-type":"","overlay-color":"","overlay-opacity":"","overlay-gradient":""}},"footnotes":""},"class_list":["post-2429","page","type-page","status-publish","hentry"],"acf":[],"yoast_head":"<!-- This site is optimized with the Yoast SEO plugin v27.4 - https:\/\/yoast.com\/product\/yoast-seo-wordpress\/ -->\n<title>Taastuvenergia &#187; SBH Solutions<\/title>\n<meta name=\"description\" content=\"Taastuvenergia - P\u00e4ikesepaneelide m\u00fc\u00fck ja paigaldus. Projekteerimine. Liitumisleping ja taastuvenergia toetus.\" \/>\n<meta name=\"robots\" content=\"index, follow, max-snippet:-1, max-image-preview:large, max-video-preview:-1\" \/>\n<link rel=\"canonical\" href=\"https:\/\/sbh.ee\/en\/kodulahendused\/taastuvenergia\/\" \/>\n<meta property=\"og:locale\" content=\"en_US\" \/>\n<meta property=\"og:type\" content=\"article\" \/>\n<meta property=\"og:title\" content=\"Taastuvenergia &#187; SBH Solutions\" \/>\n<meta property=\"og:description\" content=\"Taastuvenergia - P\u00e4ikesepaneelide m\u00fc\u00fck ja paigaldus. Projekteerimine. Liitumisleping ja taastuvenergia toetus.\" \/>\n<meta property=\"og:url\" content=\"https:\/\/sbh.ee\/en\/kodulahendused\/taastuvenergia\/\" \/>\n<meta property=\"og:site_name\" content=\"SBH Solutions\" \/>\n<meta property=\"article:publisher\" content=\"https:\/\/www.facebook.com\/SBHSolutionsOU\" \/>\n<meta property=\"article:modified_time\" content=\"2023-07-26T09:24:57+00:00\" \/>\n<meta property=\"og:image\" content=\"https:\/\/sbh.ee\/wp-content\/uploads\/2020\/01\/SBH-SOLUTIONS_logo.png\" \/>\n\t<meta property=\"og:image:width\" content=\"851\" \/>\n\t<meta property=\"og:image:height\" content=\"230\" \/>\n\t<meta property=\"og:image:type\" content=\"image\/png\" \/>\n<meta name=\"twitter:card\" content=\"summary_large_image\" \/>\n<meta name=\"twitter:label1\" content=\"Est. reading time\" \/>\n\t<meta name=\"twitter:data1\" content=\"1 minute\" \/>\n<script type=\"application\/ld+json\" class=\"yoast-schema-graph\">{\"@context\":\"https:\\\/\\\/schema.org\",\"@graph\":[{\"@type\":\"WebPage\",\"@id\":\"https:\\\/\\\/sbh.ee\\\/kodulahendused\\\/taastuvenergia\\\/\",\"url\":\"https:\\\/\\\/sbh.ee\\\/kodulahendused\\\/taastuvenergia\\\/\",\"name\":\"Taastuvenergia &#187; SBH Solutions\",\"isPartOf\":{\"@id\":\"https:\\\/\\\/sbh.ee\\\/#website\"},\"datePublished\":\"2023-04-04T06:06:09+00:00\",\"dateModified\":\"2023-07-26T09:24:57+00:00\",\"description\":\"Taastuvenergia - P\u00e4ikesepaneelide m\u00fc\u00fck ja paigaldus. Projekteerimine. Liitumisleping ja taastuvenergia toetus.\",\"breadcrumb\":{\"@id\":\"https:\\\/\\\/sbh.ee\\\/kodulahendused\\\/taastuvenergia\\\/#breadcrumb\"},\"inLanguage\":\"en-US\",\"potentialAction\":[{\"@type\":\"ReadAction\",\"target\":[\"https:\\\/\\\/sbh.ee\\\/kodulahendused\\\/taastuvenergia\\\/\"]}]},{\"@type\":\"BreadcrumbList\",\"@id\":\"https:\\\/\\\/sbh.ee\\\/kodulahendused\\\/taastuvenergia\\\/#breadcrumb\",\"itemListElement\":[{\"@type\":\"ListItem\",\"position\":1,\"name\":\"Esileht\",\"item\":\"https:\\\/\\\/sbh.ee\\\/\"},{\"@type\":\"ListItem\",\"position\":2,\"name\":\"Kodulahendused\",\"item\":\"https:\\\/\\\/sbh.ee\\\/kodulahendused\\\/\"},{\"@type\":\"ListItem\",\"position\":3,\"name\":\"Taastuvenergia\"}]},{\"@type\":\"WebSite\",\"@id\":\"https:\\\/\\\/sbh.ee\\\/#website\",\"url\":\"https:\\\/\\\/sbh.ee\\\/\",\"name\":\"SBH Solutions O\u00dc\",\"description\":\"Elektrit\u00f6\u00f6d ja tark kodu\",\"publisher\":{\"@id\":\"https:\\\/\\\/sbh.ee\\\/#organization\"},\"potentialAction\":[{\"@type\":\"SearchAction\",\"target\":{\"@type\":\"EntryPoint\",\"urlTemplate\":\"https:\\\/\\\/sbh.ee\\\/?s={search_term_string}\"},\"query-input\":{\"@type\":\"PropertyValueSpecification\",\"valueRequired\":true,\"valueName\":\"search_term_string\"}}],\"inLanguage\":\"en-US\"},{\"@type\":\"Organization\",\"@id\":\"https:\\\/\\\/sbh.ee\\\/#organization\",\"name\":\"SBH Solutions O\u00dc\",\"url\":\"https:\\\/\\\/sbh.ee\\\/\",\"logo\":{\"@type\":\"ImageObject\",\"inLanguage\":\"en-US\",\"@id\":\"https:\\\/\\\/sbh.ee\\\/#\\\/schema\\\/logo\\\/image\\\/\",\"url\":\"https:\\\/\\\/sbh.ee\\\/wp-content\\\/uploads\\\/2020\\\/01\\\/cropped-SBH-SOLUTIONS_logo.png\",\"contentUrl\":\"https:\\\/\\\/sbh.ee\\\/wp-content\\\/uploads\\\/2020\\\/01\\\/cropped-SBH-SOLUTIONS_logo.png\",\"width\":851,\"height\":230,\"caption\":\"SBH Solutions O\u00dc\"},\"image\":{\"@id\":\"https:\\\/\\\/sbh.ee\\\/#\\\/schema\\\/logo\\\/image\\\/\"},\"sameAs\":[\"https:\\\/\\\/www.facebook.com\\\/SBHSolutionsOU\"]}]}<\/script>\n<!-- \/ Yoast SEO plugin. -->","yoast_head_json":{"title":"Taastuvenergia &#187; SBH Solutions","description":"Taastuvenergia - P\u00e4ikesepaneelide m\u00fc\u00fck ja paigaldus. Projekteerimine. Liitumisleping ja taastuvenergia toetus.","robots":{"index":"index","follow":"follow","max-snippet":"max-snippet:-1","max-image-preview":"max-image-preview:large","max-video-preview":"max-video-preview:-1"},"canonical":"https:\/\/sbh.ee\/en\/kodulahendused\/taastuvenergia\/","og_locale":"en_US","og_type":"article","og_title":"Taastuvenergia &#187; SBH Solutions","og_description":"Taastuvenergia - P\u00e4ikesepaneelide m\u00fc\u00fck ja paigaldus. Projekteerimine. Liitumisleping ja taastuvenergia toetus.","og_url":"https:\/\/sbh.ee\/en\/kodulahendused\/taastuvenergia\/","og_site_name":"SBH Solutions","article_publisher":"https:\/\/www.facebook.com\/SBHSolutionsOU","article_modified_time":"2023-07-26T09:24:57+00:00","og_image":[{"width":851,"height":230,"url":"https:\/\/sbh.ee\/wp-content\/uploads\/2020\/01\/SBH-SOLUTIONS_logo.png","type":"image\/png"}],"twitter_card":"summary_large_image","twitter_misc":{"Est. reading time":"1 minute"},"schema":{"@context":"https:\/\/schema.org","@graph":[{"@type":"WebPage","@id":"https:\/\/sbh.ee\/kodulahendused\/taastuvenergia\/","url":"https:\/\/sbh.ee\/kodulahendused\/taastuvenergia\/","name":"Taastuvenergia &#187; SBH Solutions","isPartOf":{"@id":"https:\/\/sbh.ee\/#website"},"datePublished":"2023-04-04T06:06:09+00:00","dateModified":"2023-07-26T09:24:57+00:00","description":"Taastuvenergia - P\u00e4ikesepaneelide m\u00fc\u00fck ja paigaldus. Projekteerimine. Liitumisleping ja taastuvenergia toetus.","breadcrumb":{"@id":"https:\/\/sbh.ee\/kodulahendused\/taastuvenergia\/#breadcrumb"},"inLanguage":"en-US","potentialAction":[{"@type":"ReadAction","target":["https:\/\/sbh.ee\/kodulahendused\/taastuvenergia\/"]}]},{"@type":"BreadcrumbList","@id":"https:\/\/sbh.ee\/kodulahendused\/taastuvenergia\/#breadcrumb","itemListElement":[{"@type":"ListItem","position":1,"name":"Esileht","item":"https:\/\/sbh.ee\/"},{"@type":"ListItem","position":2,"name":"Kodulahendused","item":"https:\/\/sbh.ee\/kodulahendused\/"},{"@type":"ListItem","position":3,"name":"Taastuvenergia"}]},{"@type":"WebSite","@id":"https:\/\/sbh.ee\/#website","url":"https:\/\/sbh.ee\/","name":"SBH Solutions O\u00dc","description":"Elektrit\u00f6\u00f6d ja tark kodu","publisher":{"@id":"https:\/\/sbh.ee\/#organization"},"potentialAction":[{"@type":"SearchAction","target":{"@type":"EntryPoint","urlTemplate":"https:\/\/sbh.ee\/?s={search_term_string}"},"query-input":{"@type":"PropertyValueSpecification","valueRequired":true,"valueName":"search_term_string"}}],"inLanguage":"en-US"},{"@type":"Organization","@id":"https:\/\/sbh.ee\/#organization","name":"SBH Solutions O\u00dc","url":"https:\/\/sbh.ee\/","logo":{"@type":"ImageObject","inLanguage":"en-US","@id":"https:\/\/sbh.ee\/#\/schema\/logo\/image\/","url":"https:\/\/sbh.ee\/wp-content\/uploads\/2020\/01\/cropped-SBH-SOLUTIONS_logo.png","contentUrl":"https:\/\/sbh.ee\/wp-content\/uploads\/2020\/01\/cropped-SBH-SOLUTIONS_logo.png","width":851,"height":230,"caption":"SBH Solutions O\u00dc"},"image":{"@id":"https:\/\/sbh.ee\/#\/schema\/logo\/image\/"},"sameAs":["https:\/\/www.facebook.com\/SBHSolutionsOU"]}]}},"_links":{"self":[{"href":"https:\/\/sbh.ee\/en\/wp-json\/wp\/v2\/pages\/2429","targetHints":{"allow":["GET"]}}],"collection":[{"href":"https:\/\/sbh.ee\/en\/wp-json\/wp\/v2\/pages"}],"about":[{"href":"https:\/\/sbh.ee\/en\/wp-json\/wp\/v2\/types\/page"}],"author":[{"embeddable":true,"href":"https:\/\/sbh.ee\/en\/wp-json\/wp\/v2\/users\/3"}],"replies":[{"embeddable":true,"href":"https:\/\/sbh.ee\/en\/wp-json\/wp\/v2\/comments?post=2429"}],"version-history":[{"count":0,"href":"https:\/\/sbh.ee\/en\/wp-json\/wp\/v2\/pages\/2429\/revisions"}],"up":[{"embeddable":true,"href":"https:\/\/sbh.ee\/en\/wp-json\/wp\/v2\/pages\/1152"}],"wp:attachment":[{"href":"https:\/\/sbh.ee\/en\/wp-json\/wp\/v2\/media?parent=2429"}],"curies":[{"name":"wp","href":"https:\/\/api.w.org\/{rel}","templated":true}]}}