{"id":2758,"date":"2023-05-02T13:23:34","date_gmt":"2023-05-02T13:23:34","guid":{"rendered":"https:\/\/sbh.ee\/?page_id=2758"},"modified":"2023-07-26T12:05:05","modified_gmt":"2023-07-26T09:05:05","slug":"montonio-jarelmaks","status":"publish","type":"page","link":"https:\/\/sbh.ee\/en\/montonio-jarelmaks\/","title":{"rendered":"Montonio j\u00e4relmaks"},"content":{"rendered":"<p><strong>Montonio j\u00e4relmaks \u2013 saa \u00fche taotlusega mitu pakkumist<\/strong><\/p>\n<p><span style=\"font-weight: 400\">Kasuta ostu eest tasumisel Montonio j\u00e4relmaksu \u2013 \u00fche kiire taotlusega saad korraga pakkumise mitmelt krediidiandjalt.<\/span><\/p>\n<p><span style=\"font-weight: 400\">Lisa soovitud tooted ostukorvi ning vali ostukorvis makseviisiks \u201cV\u00f5rdle j\u00e4relmaksu pakkumisi\u201d. Vali sobiv lepinguperiood ning t\u00e4ida taotlus. Seej\u00e4rel saad ostukorvist lahkumata finantseerimispakkumised mitmelt krediidiandjalt. Tutvu pakkumiste sisu ja tingimustega, vali enda jaoks sobivaim ja l\u00f5peta ost.<\/span><\/p>\n<p><strong>J\u00e4relmaksu tingimused:<\/strong><\/p>\n<ul>\n<li style=\"font-weight: 400\"><span style=\"font-weight: 400\">J\u00e4relmaksuga finantseeritav summa 100-10 000 eurot<\/span><\/li>\n<li style=\"font-weight: 400\"><span style=\"font-weight: 400\">Periood 3-60 kuud<\/span><\/li>\n<li style=\"font-weight: 400\"><span style=\"font-weight: 400\">Intress alates 5,9% laenusummalt<\/span><\/li>\n<\/ul>\n<p><i><span style=\"font-weight: 400\">Krediidivahendusteenuse pakkuja on Montonio Finance O\u00dc. J\u00e4relmaksu igakuise osamakse suurus on 22,22 \u20ac ja krediidi kulukuse m\u00e4\u00e4r on 30,45% aastas j\u00e4rgmistel n\u00e4idistingimustel: kauba\/teenuse maksumus 400 \u20ac, sissemakse 0%, intress 9,9% laenusummalt aastas (fikseeritud), lepingutasu 9 \u20ac, igakuine kontohaldustasu 1,5 \u20ac, j\u00e4relmaksu periood 24 kuud, tasumine igakuiste annuiteetmaksetena. Krediidi kogukulu 533,21 \u20ac. Vajadusel konsulteeri asjatundjaga.<\/span><\/i><\/p>","protected":false},"excerpt":{"rendered":"<p>Montonio j\u00e4relmaks \u2013 saa \u00fche taotlusega mitu pakkumist Kasuta ostu eest tasumisel Montonio j\u00e4relmaksu \u2013 \u00fche kiire taotlusega saad korraga pakkumise mitmelt krediidiandjalt. Lisa soovitud tooted ostukorvi ning vali ostukorvis makseviisiks \u201cV\u00f5rdle j\u00e4relmaksu pakkumisi\u201d. Vali sobiv lepinguperiood ning t\u00e4ida taotlus. Seej\u00e4rel saad ostukorvist lahkumata finantseerimispakkumised mitmelt krediidiandjalt. Tutvu pakkumiste sisu ja tingimustega, vali enda jaoks [&hellip;]<\/p>\n","protected":false},"author":3,"featured_media":0,"parent":0,"menu_order":0,"comment_status":"closed","ping_status":"closed","template":"","meta":{"_acf_changed":false,"site-sidebar-layout":"default","site-content-layout":"default","ast-site-content-layout":"default","site-content-style":"default","site-sidebar-style":"default","ast-global-header-display":"","ast-banner-title-visibility":"","ast-main-header-display":"","ast-hfb-above-header-display":"","ast-hfb-below-header-display":"","ast-hfb-mobile-header-display":"","site-post-title":"","ast-breadcrumbs-content":"","ast-featured-img":"","footer-sml-layout":"","ast-disable-related-posts":"","theme-transparent-header-meta":"default","adv-header-id-meta":"","stick-header-meta":"","header-above-stick-meta":"","header-main-stick-meta":"","header-below-stick-meta":"","astra-migrate-meta-layouts":"default","ast-page-background-enabled":"default","ast-page-background-meta":{"desktop":{"background-color":"","background-image":"","background-repeat":"repeat","background-position":"center center","background-size":"auto","background-attachment":"scroll","background-type":"","background-media":"","overlay-type":"","overlay-color":"","overlay-opacity":"","overlay-gradient":""},"tablet":{"background-color":"","background-image":"","background-repeat":"repeat","background-position":"center center","background-size":"auto","background-attachment":"scroll","background-type":"","background-media":"","overlay-type":"","overlay-color":"","overlay-opacity":"","overlay-gradient":""},"mobile":{"background-color":"","background-image":"","background-repeat":"repeat","background-position":"center center","background-size":"auto","background-attachment":"scroll","background-type":"","background-media":"","overlay-type":"","overlay-color":"","overlay-opacity":"","overlay-gradient":""}},"ast-content-background-meta":{"desktop":{"background-color":"var(--ast-global-color-5)","background-image":"","background-repeat":"repeat","background-position":"center center","background-size":"auto","background-attachment":"scroll","background-type":"","background-media":"","overlay-type":"","overlay-color":"","overlay-opacity":"","overlay-gradient":""},"tablet":{"background-color":"var(--ast-global-color-5)","background-image":"","background-repeat":"repeat","background-position":"center center","background-size":"auto","background-attachment":"scroll","background-type":"","background-media":"","overlay-type":"","overlay-color":"","overlay-opacity":"","overlay-gradient":""},"mobile":{"background-color":"var(--ast-global-color-5)","background-image":"","background-repeat":"repeat","background-position":"center center","background-size":"auto","background-attachment":"scroll","background-type":"","background-media":"","overlay-type":"","overlay-color":"","overlay-opacity":"","overlay-gradient":""}},"footnotes":""},"class_list":["post-2758","page","type-page","status-publish","hentry"],"acf":[],"yoast_head":"<!-- This site is optimized with the Yoast SEO plugin v27.4 - https:\/\/yoast.com\/product\/yoast-seo-wordpress\/ -->\n<title>Montonio j\u00e4relmaks &#187; SBH Solutions<\/title>\n<meta name=\"description\" content=\"Kasuta ostu eest tasumisel Montonio j\u00e4relmaksu \u2013 \u00fche kiire taotlusega saad korraga pakkumise mitmelt krediidiandjalt.\" \/>\n<meta name=\"robots\" content=\"index, follow, max-snippet:-1, max-image-preview:large, max-video-preview:-1\" \/>\n<link rel=\"canonical\" href=\"https:\/\/sbh.ee\/en\/montonio-jarelmaks\/\" \/>\n<meta property=\"og:locale\" content=\"en_US\" \/>\n<meta property=\"og:type\" content=\"article\" \/>\n<meta property=\"og:title\" content=\"Montonio j\u00e4relmaks &#187; SBH Solutions\" \/>\n<meta property=\"og:description\" content=\"Kasuta ostu eest tasumisel Montonio j\u00e4relmaksu \u2013 \u00fche kiire taotlusega saad korraga pakkumise mitmelt krediidiandjalt.\" \/>\n<meta property=\"og:url\" content=\"https:\/\/sbh.ee\/en\/montonio-jarelmaks\/\" \/>\n<meta property=\"og:site_name\" content=\"SBH Solutions\" \/>\n<meta property=\"article:publisher\" content=\"https:\/\/www.facebook.com\/SBHSolutionsOU\" \/>\n<meta property=\"article:modified_time\" content=\"2023-07-26T09:05:05+00:00\" \/>\n<meta property=\"og:image\" content=\"https:\/\/sbh.ee\/wp-content\/uploads\/2020\/01\/SBH-SOLUTIONS_logo.png\" \/>\n\t<meta property=\"og:image:width\" content=\"851\" \/>\n\t<meta property=\"og:image:height\" content=\"230\" \/>\n\t<meta property=\"og:image:type\" content=\"image\/png\" \/>\n<meta name=\"twitter:card\" content=\"summary_large_image\" \/>\n<meta name=\"twitter:label1\" content=\"Est. reading time\" \/>\n\t<meta name=\"twitter:data1\" content=\"1 minute\" \/>\n<script type=\"application\/ld+json\" class=\"yoast-schema-graph\">{\"@context\":\"https:\\\/\\\/schema.org\",\"@graph\":[{\"@type\":\"WebPage\",\"@id\":\"https:\\\/\\\/sbh.ee\\\/montonio-jarelmaks\\\/\",\"url\":\"https:\\\/\\\/sbh.ee\\\/montonio-jarelmaks\\\/\",\"name\":\"Montonio j\u00e4relmaks &#187; SBH Solutions\",\"isPartOf\":{\"@id\":\"https:\\\/\\\/sbh.ee\\\/#website\"},\"datePublished\":\"2023-05-02T13:23:34+00:00\",\"dateModified\":\"2023-07-26T09:05:05+00:00\",\"description\":\"Kasuta ostu eest tasumisel Montonio j\u00e4relmaksu \u2013 \u00fche kiire taotlusega saad korraga pakkumise mitmelt krediidiandjalt.\",\"breadcrumb\":{\"@id\":\"https:\\\/\\\/sbh.ee\\\/montonio-jarelmaks\\\/#breadcrumb\"},\"inLanguage\":\"en-US\",\"potentialAction\":[{\"@type\":\"ReadAction\",\"target\":[\"https:\\\/\\\/sbh.ee\\\/montonio-jarelmaks\\\/\"]}]},{\"@type\":\"BreadcrumbList\",\"@id\":\"https:\\\/\\\/sbh.ee\\\/montonio-jarelmaks\\\/#breadcrumb\",\"itemListElement\":[{\"@type\":\"ListItem\",\"position\":1,\"name\":\"Esileht\",\"item\":\"https:\\\/\\\/sbh.ee\\\/\"},{\"@type\":\"ListItem\",\"position\":2,\"name\":\"Montonio j\u00e4relmaks\"}]},{\"@type\":\"WebSite\",\"@id\":\"https:\\\/\\\/sbh.ee\\\/#website\",\"url\":\"https:\\\/\\\/sbh.ee\\\/\",\"name\":\"SBH Solutions O\u00dc\",\"description\":\"Elektrit\u00f6\u00f6d ja tark kodu\",\"publisher\":{\"@id\":\"https:\\\/\\\/sbh.ee\\\/#organization\"},\"potentialAction\":[{\"@type\":\"SearchAction\",\"target\":{\"@type\":\"EntryPoint\",\"urlTemplate\":\"https:\\\/\\\/sbh.ee\\\/?s={search_term_string}\"},\"query-input\":{\"@type\":\"PropertyValueSpecification\",\"valueRequired\":true,\"valueName\":\"search_term_string\"}}],\"inLanguage\":\"en-US\"},{\"@type\":\"Organization\",\"@id\":\"https:\\\/\\\/sbh.ee\\\/#organization\",\"name\":\"SBH Solutions O\u00dc\",\"url\":\"https:\\\/\\\/sbh.ee\\\/\",\"logo\":{\"@type\":\"ImageObject\",\"inLanguage\":\"en-US\",\"@id\":\"https:\\\/\\\/sbh.ee\\\/#\\\/schema\\\/logo\\\/image\\\/\",\"url\":\"https:\\\/\\\/sbh.ee\\\/wp-content\\\/uploads\\\/2020\\\/01\\\/cropped-SBH-SOLUTIONS_logo.png\",\"contentUrl\":\"https:\\\/\\\/sbh.ee\\\/wp-content\\\/uploads\\\/2020\\\/01\\\/cropped-SBH-SOLUTIONS_logo.png\",\"width\":851,\"height\":230,\"caption\":\"SBH Solutions O\u00dc\"},\"image\":{\"@id\":\"https:\\\/\\\/sbh.ee\\\/#\\\/schema\\\/logo\\\/image\\\/\"},\"sameAs\":[\"https:\\\/\\\/www.facebook.com\\\/SBHSolutionsOU\"]}]}<\/script>\n<!-- \/ Yoast SEO plugin. -->","yoast_head_json":{"title":"Montonio j\u00e4relmaks &#187; SBH Solutions","description":"Kasuta ostu eest tasumisel Montonio j\u00e4relmaksu \u2013 \u00fche kiire taotlusega saad korraga pakkumise mitmelt krediidiandjalt.","robots":{"index":"index","follow":"follow","max-snippet":"max-snippet:-1","max-image-preview":"max-image-preview:large","max-video-preview":"max-video-preview:-1"},"canonical":"https:\/\/sbh.ee\/en\/montonio-jarelmaks\/","og_locale":"en_US","og_type":"article","og_title":"Montonio j\u00e4relmaks &#187; SBH Solutions","og_description":"Kasuta ostu eest tasumisel Montonio j\u00e4relmaksu \u2013 \u00fche kiire taotlusega saad korraga pakkumise mitmelt krediidiandjalt.","og_url":"https:\/\/sbh.ee\/en\/montonio-jarelmaks\/","og_site_name":"SBH Solutions","article_publisher":"https:\/\/www.facebook.com\/SBHSolutionsOU","article_modified_time":"2023-07-26T09:05:05+00:00","og_image":[{"width":851,"height":230,"url":"https:\/\/sbh.ee\/wp-content\/uploads\/2020\/01\/SBH-SOLUTIONS_logo.png","type":"image\/png"}],"twitter_card":"summary_large_image","twitter_misc":{"Est. reading time":"1 minute"},"schema":{"@context":"https:\/\/schema.org","@graph":[{"@type":"WebPage","@id":"https:\/\/sbh.ee\/montonio-jarelmaks\/","url":"https:\/\/sbh.ee\/montonio-jarelmaks\/","name":"Montonio j\u00e4relmaks &#187; SBH Solutions","isPartOf":{"@id":"https:\/\/sbh.ee\/#website"},"datePublished":"2023-05-02T13:23:34+00:00","dateModified":"2023-07-26T09:05:05+00:00","description":"Kasuta ostu eest tasumisel Montonio j\u00e4relmaksu \u2013 \u00fche kiire taotlusega saad korraga pakkumise mitmelt krediidiandjalt.","breadcrumb":{"@id":"https:\/\/sbh.ee\/montonio-jarelmaks\/#breadcrumb"},"inLanguage":"en-US","potentialAction":[{"@type":"ReadAction","target":["https:\/\/sbh.ee\/montonio-jarelmaks\/"]}]},{"@type":"BreadcrumbList","@id":"https:\/\/sbh.ee\/montonio-jarelmaks\/#breadcrumb","itemListElement":[{"@type":"ListItem","position":1,"name":"Esileht","item":"https:\/\/sbh.ee\/"},{"@type":"ListItem","position":2,"name":"Montonio j\u00e4relmaks"}]},{"@type":"WebSite","@id":"https:\/\/sbh.ee\/#website","url":"https:\/\/sbh.ee\/","name":"SBH Solutions O\u00dc","description":"Elektrit\u00f6\u00f6d ja tark kodu","publisher":{"@id":"https:\/\/sbh.ee\/#organization"},"potentialAction":[{"@type":"SearchAction","target":{"@type":"EntryPoint","urlTemplate":"https:\/\/sbh.ee\/?s={search_term_string}"},"query-input":{"@type":"PropertyValueSpecification","valueRequired":true,"valueName":"search_term_string"}}],"inLanguage":"en-US"},{"@type":"Organization","@id":"https:\/\/sbh.ee\/#organization","name":"SBH Solutions O\u00dc","url":"https:\/\/sbh.ee\/","logo":{"@type":"ImageObject","inLanguage":"en-US","@id":"https:\/\/sbh.ee\/#\/schema\/logo\/image\/","url":"https:\/\/sbh.ee\/wp-content\/uploads\/2020\/01\/cropped-SBH-SOLUTIONS_logo.png","contentUrl":"https:\/\/sbh.ee\/wp-content\/uploads\/2020\/01\/cropped-SBH-SOLUTIONS_logo.png","width":851,"height":230,"caption":"SBH Solutions O\u00dc"},"image":{"@id":"https:\/\/sbh.ee\/#\/schema\/logo\/image\/"},"sameAs":["https:\/\/www.facebook.com\/SBHSolutionsOU"]}]}},"_links":{"self":[{"href":"https:\/\/sbh.ee\/en\/wp-json\/wp\/v2\/pages\/2758","targetHints":{"allow":["GET"]}}],"collection":[{"href":"https:\/\/sbh.ee\/en\/wp-json\/wp\/v2\/pages"}],"about":[{"href":"https:\/\/sbh.ee\/en\/wp-json\/wp\/v2\/types\/page"}],"author":[{"embeddable":true,"href":"https:\/\/sbh.ee\/en\/wp-json\/wp\/v2\/users\/3"}],"replies":[{"embeddable":true,"href":"https:\/\/sbh.ee\/en\/wp-json\/wp\/v2\/comments?post=2758"}],"version-history":[{"count":0,"href":"https:\/\/sbh.ee\/en\/wp-json\/wp\/v2\/pages\/2758\/revisions"}],"wp:attachment":[{"href":"https:\/\/sbh.ee\/en\/wp-json\/wp\/v2\/media?parent=2758"}],"curies":[{"name":"wp","href":"https:\/\/api.w.org\/{rel}","templated":true}]}}