{"id":3637,"date":"2023-10-11T12:40:15","date_gmt":"2023-10-11T09:40:15","guid":{"rendered":"https:\/\/sbh.ee\/?page_id=3637"},"modified":"2023-10-11T12:45:53","modified_gmt":"2023-10-11T09:45:53","slug":"kliendiala","status":"publish","type":"page","link":"https:\/\/sbh.ee\/en\/kliendiala\/","title":{"rendered":"Kliendiala"},"content":{"rendered":"<div data-elementor-type=\"wp-page\" data-elementor-id=\"3637\" class=\"elementor elementor-3637\" data-elementor-post-type=\"page\">\n\t\t\t\t<div class=\"elementor-element elementor-element-e9abe20 e-flex e-con-boxed e-con e-parent\" data-id=\"e9abe20\" data-element_type=\"container\" data-e-type=\"container\">\n\t\t\t\t\t<div class=\"e-con-inner\">\n\t\t\t\t\t<\/div>\n\t\t\t\t<\/div>\n\t\t\t\t<\/div>","protected":false},"excerpt":{"rendered":"<p>[[woocommerce_my_account]] T\u00f6\u00f6laud Tellimused Store Credits Allalaadimised Aadressid Konto Login v\u00e4lja T\u00f6\u00f6laud Tellimused Store Credits Allalaadimised Aadressid Konto Login v\u00e4lja Tere Mathias (pole Mathias? Logi v\u00e4lja) Oma konto t\u00f6\u00f6laualt n\u00e4ed enda hiljutisi tellimusi, saad hallata enda tarne ja maksmise aadresse ning muuta oma salas\u00f5na ja konto andmeid.<\/p>\n","protected":false},"author":3,"featured_media":0,"parent":0,"menu_order":0,"comment_status":"closed","ping_status":"closed","template":"","meta":{"_acf_changed":false,"site-sidebar-layout":"no-sidebar","site-content-layout":"page-builder","ast-site-content-layout":"full-width-container","site-content-style":"default","site-sidebar-style":"default","ast-global-header-display":"","ast-banner-title-visibility":"","ast-main-header-display":"","ast-hfb-above-header-display":"","ast-hfb-below-header-display":"","ast-hfb-mobile-header-display":"","site-post-title":"disabled","ast-breadcrumbs-content":"","ast-featured-img":"disabled","footer-sml-layout":"","ast-disable-related-posts":"","theme-transparent-header-meta":"default","adv-header-id-meta":"","stick-header-meta":"","header-above-stick-meta":"","header-main-stick-meta":"","header-below-stick-meta":"","astra-migrate-meta-layouts":"set","ast-page-background-enabled":"default","ast-page-background-meta":{"desktop":{"background-color":"","background-image":"","background-repeat":"repeat","background-position":"center center","background-size":"auto","background-attachment":"scroll","background-type":"","background-media":"","overlay-type":"","overlay-color":"","overlay-opacity":"","overlay-gradient":""},"tablet":{"background-color":"","background-image":"","background-repeat":"repeat","background-position":"center center","background-size":"auto","background-attachment":"scroll","background-type":"","background-media":"","overlay-type":"","overlay-color":"","overlay-opacity":"","overlay-gradient":""},"mobile":{"background-color":"","background-image":"","background-repeat":"repeat","background-position":"center center","background-size":"auto","background-attachment":"scroll","background-type":"","background-media":"","overlay-type":"","overlay-color":"","overlay-opacity":"","overlay-gradient":""}},"ast-content-background-meta":{"desktop":{"background-color":"var(--ast-global-color-5)","background-image":"","background-repeat":"repeat","background-position":"center center","background-size":"auto","background-attachment":"scroll","background-type":"","background-media":"","overlay-type":"","overlay-color":"","overlay-opacity":"","overlay-gradient":""},"tablet":{"background-color":"var(--ast-global-color-5)","background-image":"","background-repeat":"repeat","background-position":"center center","background-size":"auto","background-attachment":"scroll","background-type":"","background-media":"","overlay-type":"","overlay-color":"","overlay-opacity":"","overlay-gradient":""},"mobile":{"background-color":"var(--ast-global-color-5)","background-image":"","background-repeat":"repeat","background-position":"center center","background-size":"auto","background-attachment":"scroll","background-type":"","background-media":"","overlay-type":"","overlay-color":"","overlay-opacity":"","overlay-gradient":""}},"footnotes":""},"class_list":["post-3637","page","type-page","status-publish","hentry"],"acf":[],"yoast_head":"<!-- This site is optimized with the Yoast SEO plugin v27.5 - https:\/\/yoast.com\/product\/yoast-seo-wordpress\/ -->\n<title>Kliendiala &#187; SBH Solutions<\/title>\n<meta name=\"robots\" content=\"index, follow, max-snippet:-1, max-image-preview:large, max-video-preview:-1\" \/>\n<link rel=\"canonical\" href=\"https:\/\/sbh.ee\/en\/kliendiala\/\" \/>\n<meta property=\"og:locale\" content=\"en_US\" \/>\n<meta property=\"og:type\" content=\"article\" \/>\n<meta property=\"og:title\" content=\"Kliendiala &#187; SBH Solutions\" \/>\n<meta property=\"og:description\" content=\"[[woocommerce_my_account]] T\u00f6\u00f6laud Tellimused Store Credits Allalaadimised Aadressid Konto Login v\u00e4lja T\u00f6\u00f6laud Tellimused Store Credits Allalaadimised Aadressid Konto Login v\u00e4lja Tere Mathias (pole Mathias? Logi v\u00e4lja) Oma konto t\u00f6\u00f6laualt n\u00e4ed enda hiljutisi tellimusi, saad hallata enda tarne ja maksmise aadresse ning muuta oma salas\u00f5na ja konto andmeid.\" \/>\n<meta property=\"og:url\" content=\"https:\/\/sbh.ee\/en\/kliendiala\/\" \/>\n<meta property=\"og:site_name\" content=\"SBH Solutions\" \/>\n<meta property=\"article:publisher\" content=\"https:\/\/www.facebook.com\/SBHSolutionsOU\" \/>\n<meta property=\"article:modified_time\" content=\"2023-10-11T09:45:53+00:00\" \/>\n<meta property=\"og:image\" content=\"https:\/\/sbh.ee\/wp-content\/uploads\/2020\/01\/SBH-SOLUTIONS_logo.png\" \/>\n\t<meta property=\"og:image:width\" content=\"851\" \/>\n\t<meta property=\"og:image:height\" content=\"230\" \/>\n\t<meta property=\"og:image:type\" content=\"image\/png\" \/>\n<meta name=\"twitter:card\" content=\"summary_large_image\" \/>\n<script type=\"application\/ld+json\" class=\"yoast-schema-graph\">{\"@context\":\"https:\\\/\\\/schema.org\",\"@graph\":[{\"@type\":\"WebPage\",\"@id\":\"https:\\\/\\\/sbh.ee\\\/kliendiala\\\/\",\"url\":\"https:\\\/\\\/sbh.ee\\\/kliendiala\\\/\",\"name\":\"Kliendiala &#187; SBH Solutions\",\"isPartOf\":{\"@id\":\"https:\\\/\\\/sbh.ee\\\/#website\"},\"datePublished\":\"2023-10-11T09:40:15+00:00\",\"dateModified\":\"2023-10-11T09:45:53+00:00\",\"breadcrumb\":{\"@id\":\"https:\\\/\\\/sbh.ee\\\/kliendiala\\\/#breadcrumb\"},\"inLanguage\":\"en-US\",\"potentialAction\":[{\"@type\":\"ReadAction\",\"target\":[\"https:\\\/\\\/sbh.ee\\\/kliendiala\\\/\"]}]},{\"@type\":\"BreadcrumbList\",\"@id\":\"https:\\\/\\\/sbh.ee\\\/kliendiala\\\/#breadcrumb\",\"itemListElement\":[{\"@type\":\"ListItem\",\"position\":1,\"name\":\"Esileht\",\"item\":\"https:\\\/\\\/sbh.ee\\\/\"},{\"@type\":\"ListItem\",\"position\":2,\"name\":\"Kliendiala\"}]},{\"@type\":\"WebSite\",\"@id\":\"https:\\\/\\\/sbh.ee\\\/#website\",\"url\":\"https:\\\/\\\/sbh.ee\\\/\",\"name\":\"SBH Solutions O\u00dc\",\"description\":\"Elektrit\u00f6\u00f6d ja tark kodu\",\"publisher\":{\"@id\":\"https:\\\/\\\/sbh.ee\\\/#organization\"},\"potentialAction\":[{\"@type\":\"SearchAction\",\"target\":{\"@type\":\"EntryPoint\",\"urlTemplate\":\"https:\\\/\\\/sbh.ee\\\/?s={search_term_string}\"},\"query-input\":{\"@type\":\"PropertyValueSpecification\",\"valueRequired\":true,\"valueName\":\"search_term_string\"}}],\"inLanguage\":\"en-US\"},{\"@type\":\"Organization\",\"@id\":\"https:\\\/\\\/sbh.ee\\\/#organization\",\"name\":\"SBH Solutions O\u00dc\",\"url\":\"https:\\\/\\\/sbh.ee\\\/\",\"logo\":{\"@type\":\"ImageObject\",\"inLanguage\":\"en-US\",\"@id\":\"https:\\\/\\\/sbh.ee\\\/#\\\/schema\\\/logo\\\/image\\\/\",\"url\":\"https:\\\/\\\/sbh.ee\\\/wp-content\\\/uploads\\\/2020\\\/01\\\/cropped-SBH-SOLUTIONS_logo.png\",\"contentUrl\":\"https:\\\/\\\/sbh.ee\\\/wp-content\\\/uploads\\\/2020\\\/01\\\/cropped-SBH-SOLUTIONS_logo.png\",\"width\":851,\"height\":230,\"caption\":\"SBH Solutions O\u00dc\"},\"image\":{\"@id\":\"https:\\\/\\\/sbh.ee\\\/#\\\/schema\\\/logo\\\/image\\\/\"},\"sameAs\":[\"https:\\\/\\\/www.facebook.com\\\/SBHSolutionsOU\"]}]}<\/script>\n<!-- \/ Yoast SEO plugin. -->","yoast_head_json":{"title":"Kliendiala &#187; SBH Solutions","robots":{"index":"index","follow":"follow","max-snippet":"max-snippet:-1","max-image-preview":"max-image-preview:large","max-video-preview":"max-video-preview:-1"},"canonical":"https:\/\/sbh.ee\/en\/kliendiala\/","og_locale":"en_US","og_type":"article","og_title":"Kliendiala &#187; SBH Solutions","og_description":"[[woocommerce_my_account]] T\u00f6\u00f6laud Tellimused Store Credits Allalaadimised Aadressid Konto Login v\u00e4lja T\u00f6\u00f6laud Tellimused Store Credits Allalaadimised Aadressid Konto Login v\u00e4lja Tere Mathias (pole Mathias? Logi v\u00e4lja) Oma konto t\u00f6\u00f6laualt n\u00e4ed enda hiljutisi tellimusi, saad hallata enda tarne ja maksmise aadresse ning muuta oma salas\u00f5na ja konto andmeid.","og_url":"https:\/\/sbh.ee\/en\/kliendiala\/","og_site_name":"SBH Solutions","article_publisher":"https:\/\/www.facebook.com\/SBHSolutionsOU","article_modified_time":"2023-10-11T09:45:53+00:00","og_image":[{"width":851,"height":230,"url":"https:\/\/sbh.ee\/wp-content\/uploads\/2020\/01\/SBH-SOLUTIONS_logo.png","type":"image\/png"}],"twitter_card":"summary_large_image","schema":{"@context":"https:\/\/schema.org","@graph":[{"@type":"WebPage","@id":"https:\/\/sbh.ee\/kliendiala\/","url":"https:\/\/sbh.ee\/kliendiala\/","name":"Kliendiala &#187; SBH Solutions","isPartOf":{"@id":"https:\/\/sbh.ee\/#website"},"datePublished":"2023-10-11T09:40:15+00:00","dateModified":"2023-10-11T09:45:53+00:00","breadcrumb":{"@id":"https:\/\/sbh.ee\/kliendiala\/#breadcrumb"},"inLanguage":"en-US","potentialAction":[{"@type":"ReadAction","target":["https:\/\/sbh.ee\/kliendiala\/"]}]},{"@type":"BreadcrumbList","@id":"https:\/\/sbh.ee\/kliendiala\/#breadcrumb","itemListElement":[{"@type":"ListItem","position":1,"name":"Esileht","item":"https:\/\/sbh.ee\/"},{"@type":"ListItem","position":2,"name":"Kliendiala"}]},{"@type":"WebSite","@id":"https:\/\/sbh.ee\/#website","url":"https:\/\/sbh.ee\/","name":"SBH Solutions O\u00dc","description":"Elektrit\u00f6\u00f6d ja tark kodu","publisher":{"@id":"https:\/\/sbh.ee\/#organization"},"potentialAction":[{"@type":"SearchAction","target":{"@type":"EntryPoint","urlTemplate":"https:\/\/sbh.ee\/?s={search_term_string}"},"query-input":{"@type":"PropertyValueSpecification","valueRequired":true,"valueName":"search_term_string"}}],"inLanguage":"en-US"},{"@type":"Organization","@id":"https:\/\/sbh.ee\/#organization","name":"SBH Solutions O\u00dc","url":"https:\/\/sbh.ee\/","logo":{"@type":"ImageObject","inLanguage":"en-US","@id":"https:\/\/sbh.ee\/#\/schema\/logo\/image\/","url":"https:\/\/sbh.ee\/wp-content\/uploads\/2020\/01\/cropped-SBH-SOLUTIONS_logo.png","contentUrl":"https:\/\/sbh.ee\/wp-content\/uploads\/2020\/01\/cropped-SBH-SOLUTIONS_logo.png","width":851,"height":230,"caption":"SBH Solutions O\u00dc"},"image":{"@id":"https:\/\/sbh.ee\/#\/schema\/logo\/image\/"},"sameAs":["https:\/\/www.facebook.com\/SBHSolutionsOU"]}]}},"_links":{"self":[{"href":"https:\/\/sbh.ee\/en\/wp-json\/wp\/v2\/pages\/3637","targetHints":{"allow":["GET"]}}],"collection":[{"href":"https:\/\/sbh.ee\/en\/wp-json\/wp\/v2\/pages"}],"about":[{"href":"https:\/\/sbh.ee\/en\/wp-json\/wp\/v2\/types\/page"}],"author":[{"embeddable":true,"href":"https:\/\/sbh.ee\/en\/wp-json\/wp\/v2\/users\/3"}],"replies":[{"embeddable":true,"href":"https:\/\/sbh.ee\/en\/wp-json\/wp\/v2\/comments?post=3637"}],"version-history":[{"count":0,"href":"https:\/\/sbh.ee\/en\/wp-json\/wp\/v2\/pages\/3637\/revisions"}],"wp:attachment":[{"href":"https:\/\/sbh.ee\/en\/wp-json\/wp\/v2\/media?parent=3637"}],"curies":[{"name":"wp","href":"https:\/\/api.w.org\/{rel}","templated":true}]}}